{"id":34,"date":"2016-01-15T10:34:40","date_gmt":"2016-01-15T09:34:40","guid":{"rendered":"http:\/\/temporaneo.arciserviziocivile.it\/ascnetwork\/vicenza\/?page_id=34"},"modified":"2018-08-13T13:09:57","modified_gmt":"2018-08-13T11:09:57","slug":"contatti","status":"publish","type":"page","link":"https:\/\/temporaneo.arciserviziocivile.it\/vicenza\/contatti\/","title":{"rendered":"CONTATTI"},"content":{"rendered":"<p><b>Arci Servizio Civile Vicenza <\/b><br \/>\n<a href=\"mailto:vicenza@ascmail.it\">vicenza@ascmail.it<\/a><br \/>\n0444\/563831<br \/>\n348\/8990746<\/p>\n<p>sede presso Porto Burci<br \/>\nContr\u00e0 dei Burci, 27<br \/>\n36100 &#8211; Vicenza<\/p>\n<p><strong>Orario Segreteria<\/strong><br \/>\nDal luned\u00ec al venerd\u00ec 10:00\/13:00<br \/>\nPomeriggio su appuntamento<\/p>\n","protected":false},"excerpt":{"rendered":"<p>Arci Servizio Civile Vicenza vicenza@ascmail.it 0444\/563831 348\/8990746 sede presso Porto Burci Contr\u00e0 dei Burci, 27 36100 &#8211; Vicenza Orario Segreteria Dal luned\u00ec al venerd\u00ec 10:00\/13:00 Pomeriggio su appuntamento<\/p>\n","protected":false},"author":1,"featured_media":0,"parent":0,"menu_order":0,"comment_status":"closed","ping_status":"closed","template":"page-contact.php","meta":{"footnotes":""},"_links":{"self":[{"href":"https:\/\/temporaneo.arciserviziocivile.it\/vicenza\/wp-json\/wp\/v2\/pages\/34"}],"collection":[{"href":"https:\/\/temporaneo.arciserviziocivile.it\/vicenza\/wp-json\/wp\/v2\/pages"}],"about":[{"href":"https:\/\/temporaneo.arciserviziocivile.it\/vicenza\/wp-json\/wp\/v2\/types\/page"}],"author":[{"embeddable":true,"href":"https:\/\/temporaneo.arciserviziocivile.it\/vicenza\/wp-json\/wp\/v2\/users\/1"}],"replies":[{"embeddable":true,"href":"https:\/\/temporaneo.arciserviziocivile.it\/vicenza\/wp-json\/wp\/v2\/comments?post=34"}],"version-history":[{"count":15,"href":"https:\/\/temporaneo.arciserviziocivile.it\/vicenza\/wp-json\/wp\/v2\/pages\/34\/revisions"}],"predecessor-version":[{"id":1745,"href":"https:\/\/temporaneo.arciserviziocivile.it\/vicenza\/wp-json\/wp\/v2\/pages\/34\/revisions\/1745"}],"wp:attachment":[{"href":"https:\/\/temporaneo.arciserviziocivile.it\/vicenza\/wp-json\/wp\/v2\/media?parent=34"}],"curies":[{"name":"wp","href":"https:\/\/api.w.org\/{rel}","templated":true}]}}