{"id":297,"date":"2016-05-04T17:07:36","date_gmt":"2016-05-04T15:07:36","guid":{"rendered":"http:\/\/temporaneo.arciserviziocivile.it\/ascnetwork\/vicenza\/?page_id=297"},"modified":"2017-10-27T10:53:11","modified_gmt":"2017-10-27T08:53:11","slug":"csev","status":"publish","type":"page","link":"https:\/\/temporaneo.arciserviziocivile.it\/vicenza\/csev\/","title":{"rendered":"CSEV"},"content":{"rendered":"<p><img loading=\"lazy\" decoding=\"async\" class=\"wp-image-1291 aligncenter\" src=\"http:\/\/temporaneo.arciserviziocivile.it\/ascnetwork\/vicenza\/wp-content\/uploads\/sites\/2\/cropped-logo-CSEVfinale-1-300x165.jpg\" alt=\"\" width=\"473\" height=\"260\" srcset=\"https:\/\/temporaneo.arciserviziocivile.it\/vicenza\/wp-content\/uploads\/sites\/2\/cropped-logo-CSEVfinale-1-300x165.jpg 300w, https:\/\/temporaneo.arciserviziocivile.it\/vicenza\/wp-content\/uploads\/sites\/2\/cropped-logo-CSEVfinale-1-768x422.jpg 768w, https:\/\/temporaneo.arciserviziocivile.it\/vicenza\/wp-content\/uploads\/sites\/2\/cropped-logo-CSEVfinale-1-1024x563.jpg 1024w, https:\/\/temporaneo.arciserviziocivile.it\/vicenza\/wp-content\/uploads\/sites\/2\/cropped-logo-CSEVfinale-1.jpg 2048w\" sizes=\"(max-width: 473px) 100vw, 473px\" \/><\/p>\n<p>&nbsp;<\/p>\n<h2><strong>CSEV<\/strong><\/h2>\n<p><strong>Coordinamento Spontaneo Enti e Volontari Servizio Civile Veneto<\/strong><\/p>\n<div class=\"enigma_blog_full\">\n<div class=\"enigma_blog_post_content\">\n<p>Lo Csev \u00e8 un gruppo aperto, composto da tutti gli Enti gestori di progetti di servizio civile che desiderano aderire. Nasce con lo scopo di compiere azioni e promuovere politiche utili alla valorizzazione dell\u2019istituto del Servizio Civile. \u00c8 rappresentativo delle realt\u00e0 operanti nell\u2019ambito del Servizio Civile in quanto vede il coinvolgimento di Enti sia pubblici che privati e appartenenti a classi di accreditamento diverse, oltre a rappresentare tutte le province del territorio del Veneto. \u00c8 altres\u00ec rappresentativo dei giovani in Servizio Civile, che possono cos\u00ec portare il loro contributo attivo ed il punto di vista dei diretti interessati al servizio. Tale punto di vista \u00e8 attualmente espresso mediante la partecipazione dei rappresentanti regionali.<\/p>\n<h3><strong>CONTATTI CSEV<\/strong><\/h3>\n<p><strong>Segretaria<\/strong><\/p>\n<p>Grazia Tretola: <a href=\"mailto:segretaria@csev.it\">segretaria@csev.it<\/a><\/p>\n<p><strong>Portavoce<\/strong><\/p>\n<p>Niccol\u00f2\u00a0 Gennaro: <a href=\"mailto:portavoce@csev.it\">portavoce@csev.it<\/a><\/p>\n<p><strong>Sito internet<br \/>\n<\/strong><\/p>\n<\/div>\n<p><a href=\"http:\/\/www.csev.it\/\" target=\"_blank\" rel=\"noopener\">www.csev.it<\/a><\/p>\n<\/div>\n","protected":false},"excerpt":{"rendered":"<p>&nbsp; CSEV Coordinamento Spontaneo Enti e Volontari Servizio Civile Veneto Lo Csev \u00e8 un gruppo aperto, composto da tutti gli Enti gestori di progetti di servizio civile che desiderano aderire&#8230;.<\/p>\n","protected":false},"author":1,"featured_media":0,"parent":0,"menu_order":0,"comment_status":"closed","ping_status":"closed","template":"","meta":{"footnotes":""},"_links":{"self":[{"href":"https:\/\/temporaneo.arciserviziocivile.it\/vicenza\/wp-json\/wp\/v2\/pages\/297"}],"collection":[{"href":"https:\/\/temporaneo.arciserviziocivile.it\/vicenza\/wp-json\/wp\/v2\/pages"}],"about":[{"href":"https:\/\/temporaneo.arciserviziocivile.it\/vicenza\/wp-json\/wp\/v2\/types\/page"}],"author":[{"embeddable":true,"href":"https:\/\/temporaneo.arciserviziocivile.it\/vicenza\/wp-json\/wp\/v2\/users\/1"}],"replies":[{"embeddable":true,"href":"https:\/\/temporaneo.arciserviziocivile.it\/vicenza\/wp-json\/wp\/v2\/comments?post=297"}],"version-history":[{"count":19,"href":"https:\/\/temporaneo.arciserviziocivile.it\/vicenza\/wp-json\/wp\/v2\/pages\/297\/revisions"}],"predecessor-version":[{"id":301,"href":"https:\/\/temporaneo.arciserviziocivile.it\/vicenza\/wp-json\/wp\/v2\/pages\/297\/revisions\/301"}],"wp:attachment":[{"href":"https:\/\/temporaneo.arciserviziocivile.it\/vicenza\/wp-json\/wp\/v2\/media?parent=297"}],"curies":[{"name":"wp","href":"https:\/\/api.w.org\/{rel}","templated":true}]}}