{"id":9,"date":"2016-03-14T15:03:03","date_gmt":"2016-03-14T14:03:03","guid":{"rendered":"http:\/\/temporaneo.arciserviziocivile.it\/ascnetwork\/rimini\/?page_id=9"},"modified":"2021-01-19T14:30:54","modified_gmt":"2021-01-19T13:30:54","slug":"curriculum","status":"publish","type":"page","link":"https:\/\/temporaneo.arciserviziocivile.it\/siena\/curriculum\/","title":{"rendered":"CURRICULUM"},"content":{"rendered":"\n<p>Arci Servizio Civile Siena APS, acronimo ASC Siena APS, \u00e8 un\u2019associazione di promozione sociale aderente alla rete associativa nazionale Arci Servizio Civile Nazionale, ai sensi e per gli effetti del Codice del Terzo Settore<\/p>\n\n\n\n<p>L\u2019Associazione non persegue fini di lucro ed opera per il perseguimento di finalit\u00e0 civiche, solidaristiche e di utilit\u00e0 sociale, ed ha come finalit\u00e0 la promozione della cultura e delle esperienze di servizio civile.<\/p>\n\n\n\n<p>Siena, nata dall\u2019esperienza di Arci Siena nella gestione degli obiettori di coscienza al servizio militare, si \u00e8 costituita nel 2001 quale articolazione territoriale di ASC Nazionale, la pi\u00f9 grande associazione di scopo italiana dedicata esclusivamente al servizio civile cui aderiscono \u2013 relativamente al servizio civile \u2013 5 associazioni nazionali (Arci, Arciragazzi, Auser, Legambiente, Uisp), e decine e decine di organizzazioni locali.<\/p>\n\n\n\n<p>Presente in tutta Italia con circa 900 sedi attuative, ASC Nazionale \u00e8 Ente accreditato di 1^ classe dal 2001, e da dicembre 2018 \u00e8 iscritta all\u2019Albo Unico degli Enti di Servizio Civile Universale, a seguito della riforma del Terzo Settore e conseguente revisione della disciplina in materia di servizio civile nazionale ed istituzione del SCU.<\/p>\n\n\n\n<p>ASC Siena APS \u00e8 inoltre dal 2009 articolazione territoriale di ASC Toscana, Ente di 1^ categoria iscritto all\u2019Albo Regionale per l\u2019attuazione di progetti di Servizio Civile Regionale.<\/p>\n\n\n\n<p>ASC Siena APS \u00e8 Ente accreditato per l\u2019attuazione di progetti di Servizio Civile Universale; di Servizio Civile Regionale.<\/p>\n\n\n\n<p> ASC Siena partecipa ai bandi emessi dal Dipartimento Nazionale e dalla Regione Toscana presentando programmi e progetti di qualit\u00e0, che possano contribuire allo sviluppo sostenibile della societ\u00e0, e che offrono alle volontarie e ai volontari; un\u2019esperienza formativa e l\u2019opportunit\u00e0 di; acquisire competenze che potranno essere impiegate ed investite, in particolare quelle trasversali e civiche, nella costruzione del loro futuro di vita individuale, familiare, sociale e professionale, in un\u2019ottica di benessere personale e di bene comune.<\/p>\n\n\n\n<p>I tanti progetti presentati da ASC Siena e realizzati hanno coinvolto negli anni centinaia di volontarie e volontari di servizio civile. Le aree di intervento prevalentemente interessate sono state quelle relative alle politiche giovanili e culturali, e alle politiche sociali e dell\u2019immigrazione.<\/p>\n\n\n\n<p><\/p>\n","protected":false},"excerpt":{"rendered":"<p>Arci Servizio Civile Siena APS, acronimo ASC Siena APS, \u00e8 un\u2019associazione di promozione sociale aderente alla rete associativa nazionale Arci Servizio Civile Nazionale, ai sensi e per gli effetti del&#8230;<\/p>\n","protected":false},"author":50,"featured_media":0,"parent":0,"menu_order":0,"comment_status":"closed","ping_status":"closed","template":"","meta":{"footnotes":""},"_links":{"self":[{"href":"https:\/\/temporaneo.arciserviziocivile.it\/siena\/wp-json\/wp\/v2\/pages\/9"}],"collection":[{"href":"https:\/\/temporaneo.arciserviziocivile.it\/siena\/wp-json\/wp\/v2\/pages"}],"about":[{"href":"https:\/\/temporaneo.arciserviziocivile.it\/siena\/wp-json\/wp\/v2\/types\/page"}],"author":[{"embeddable":true,"href":"https:\/\/temporaneo.arciserviziocivile.it\/siena\/wp-json\/wp\/v2\/users\/50"}],"replies":[{"embeddable":true,"href":"https:\/\/temporaneo.arciserviziocivile.it\/siena\/wp-json\/wp\/v2\/comments?post=9"}],"version-history":[{"count":7,"href":"https:\/\/temporaneo.arciserviziocivile.it\/siena\/wp-json\/wp\/v2\/pages\/9\/revisions"}],"predecessor-version":[{"id":294,"href":"https:\/\/temporaneo.arciserviziocivile.it\/siena\/wp-json\/wp\/v2\/pages\/9\/revisions\/294"}],"wp:attachment":[{"href":"https:\/\/temporaneo.arciserviziocivile.it\/siena\/wp-json\/wp\/v2\/media?parent=9"}],"curies":[{"name":"wp","href":"https:\/\/api.w.org\/{rel}","templated":true}]}}