{"id":40,"date":"2015-01-06T16:41:34","date_gmt":"2015-01-06T16:41:34","guid":{"rendered":"http:\/\/www.ascsicilia.com\/?page_id=40"},"modified":"2016-05-31T16:25:31","modified_gmt":"2016-05-31T14:25:31","slug":"contatti","status":"publish","type":"page","link":"https:\/\/temporaneo.arciserviziocivile.it\/sicilia\/contatti\/","title":{"rendered":"CONTATTI"},"content":{"rendered":"<p><em><strong>ARCI SERVIZIO CIVILE SICILIA<\/strong><\/em><\/p>\n<p style=\"text-align: left\">VIA CARLO RAO 16<br \/>\n90133 PALERMO<br \/>\nTEL. 0917920366<br \/>\nemail: sicilia@ascmail.it<br \/>\npec:\u00a0 ascsicilia@pec.it<\/p>\n<p style=\"text-align: left\">I nostri orari di apertura al pubblico sono:<\/p>\n<p>Luned\u00ec, mercoled\u00ec e venerd\u00ec dalle ore 10:00 alle ore 13:00;<\/p>\n<p>marted\u00ec e gioved\u00ec dalle ore 16:00 alle ore 18:00.<\/p>\n<p><a href=\"https:\/\/www.facebook.com\/Arci-Servizio-Civile-Sicilia-134918613214759\/?ref=aymt_homepage_panel\"><img loading=\"lazy\" decoding=\"async\" class=\"alignnone  wp-image-1068\" src=\"http:\/\/temporaneo.arciserviziocivile.it\/ascnetwork\/sicilia\/wp-content\/uploads\/sites\/5\/facebook.png\" alt=\"facebook\" width=\"434\" height=\"153\" srcset=\"https:\/\/temporaneo.arciserviziocivile.it\/sicilia\/wp-content\/uploads\/sites\/5\/facebook.png 1280w, https:\/\/temporaneo.arciserviziocivile.it\/sicilia\/wp-content\/uploads\/sites\/5\/facebook-300x106.png 300w, https:\/\/temporaneo.arciserviziocivile.it\/sicilia\/wp-content\/uploads\/sites\/5\/facebook-768x271.png 768w, https:\/\/temporaneo.arciserviziocivile.it\/sicilia\/wp-content\/uploads\/sites\/5\/facebook-1024x362.png 1024w\" sizes=\"(max-width: 434px) 100vw, 434px\" \/><\/a><\/p>\n","protected":false},"excerpt":{"rendered":"<p>ARCI SERVIZIO CIVILE SICILIA VIA CARLO RAO 16 90133 PALERMO TEL. 0917920366 email: sicilia@ascmail.it pec:\u00a0 ascsicilia@pec.it I nostri orari di apertura al pubblico sono: Luned\u00ec, mercoled\u00ec e venerd\u00ec dalle ore&#8230;<\/p>\n","protected":false},"author":9,"featured_media":0,"parent":0,"menu_order":0,"comment_status":"open","ping_status":"open","template":"page-contact.php","meta":{"footnotes":""},"_links":{"self":[{"href":"https:\/\/temporaneo.arciserviziocivile.it\/sicilia\/wp-json\/wp\/v2\/pages\/40"}],"collection":[{"href":"https:\/\/temporaneo.arciserviziocivile.it\/sicilia\/wp-json\/wp\/v2\/pages"}],"about":[{"href":"https:\/\/temporaneo.arciserviziocivile.it\/sicilia\/wp-json\/wp\/v2\/types\/page"}],"author":[{"embeddable":true,"href":"https:\/\/temporaneo.arciserviziocivile.it\/sicilia\/wp-json\/wp\/v2\/users\/9"}],"replies":[{"embeddable":true,"href":"https:\/\/temporaneo.arciserviziocivile.it\/sicilia\/wp-json\/wp\/v2\/comments?post=40"}],"version-history":[{"count":5,"href":"https:\/\/temporaneo.arciserviziocivile.it\/sicilia\/wp-json\/wp\/v2\/pages\/40\/revisions"}],"predecessor-version":[{"id":1982,"href":"https:\/\/temporaneo.arciserviziocivile.it\/sicilia\/wp-json\/wp\/v2\/pages\/40\/revisions\/1982"}],"wp:attachment":[{"href":"https:\/\/temporaneo.arciserviziocivile.it\/sicilia\/wp-json\/wp\/v2\/media?parent=40"}],"curies":[{"name":"wp","href":"https:\/\/api.w.org\/{rel}","templated":true}]}}