{"id":2,"date":"2015-01-06T14:42:32","date_gmt":"2015-01-06T14:42:32","guid":{"rendered":"http:\/\/www.ascsicilia.com\/?page_id=2"},"modified":"2019-07-11T17:08:27","modified_gmt":"2019-07-11T15:08:27","slug":"chi-siamo","status":"publish","type":"page","link":"https:\/\/temporaneo.arciserviziocivile.it\/sicilia\/chi-siamo\/","title":{"rendered":"CHI SIAMO"},"content":{"rendered":"<p>ARCI SERVIZIO CIVILE \u00e8 un\u2019associazione di promozione sociale senza fini di lucro che opera sul territorio nazionale e ha come finalit\u00e0 la promozione della cultura, della cittadinanza attiva e delle esperienze di servizio civile.<\/p>\n<p>Le finalit\u00e0 che muovono l\u2019azione di Arci Servizio Civile sono espresse nel \u00a0<em><a href=\"http:\/\/temporaneo.arciserviziocivile.it\/images\/DocsinterniASC\/manifesto.pdf?phpMyAdmin=f498d7a0a44ab1d4851872a38ea64ceb\">Manifesto 2007<\/a>\u00a0<\/em>, elaborato dalle Assemblee Regionali e dalla XII Assemblea Nazionale di ASC e nello <a href=\"http:\/\/temporaneo.arciserviziocivile.it\/images\/DocsinterniASC\/statuto2008.pdf?phpMyAdmin=f498d7a0a44ab1d4851872a38ea64ceb\">Statuto Nazionale<\/a>, aggiornato durante la XV Assemblea Nazionale di Arci Servizio Civile.<\/p>\n<p>I soci di Arci Servizio Civile sono le associazioni nazionali: ARCI, Arciragazzi, Auser, Legambiente, Uisp; sul territorio nazionale, sia nelle sedi di assegnazione che nelle sedi d\u2019attuazione, operano altre centinaia di associazioni, gruppi di volontariato, centri studi, fondazioni, cooperative sociali di carattere locale.<br \/>\nInoltre, grazie a uno specifico protocollo di accordo \u00e8 in atto da anni una collaborazione con CGIL.<\/p>\n<p>Arci Servizio Civile ha gestito dal 1986 la convenzione di federazione ARCI e dal 28 giugno 2001 ne \u00e8 diventata titolare con l\u2019Ufficio Nazionale per il Servizio Civile.<\/p>\n<p>Dopo l\u2019esperienza del servizio civile alternativo al servizio militare svolto dagli obiettori di coscienza e che ha visto, fra il 1981 e il 2005, circa 25.000 giovani impegnarsi nelle sedi di Arci Servizio Civile, si \u00e8 aperta dalla fine del 2001 una nuova fase, quella del Servizio Civile Nazionale su base volontaria.<br \/>\nDall&#8217;agosto 2004 Arci Servizio Civile \u00e8 accreditato come ente di prima classe dall\u2019UNSC; \u00e8 socio della Conferenza Nazionale Enti Servizio Civile (CNESC); \u00e8 componente della BEEOC. Dall&#8217;aprile 2007 \u00e8 iscritta al Registro Nazionale delle Associazioni di promozione sociale.<\/p>\n<p>ARCI SERVIZIO CIVILE SICILIA \u00e8 una delle sedi locali di Arci Servizio Civile.<\/p>\n<p>I soci locali di Arci Servizio Civile Sicilia sono Arci Sicilia, Arciragazzi Sicilia, Legambiente Sicilia e Uisp Sicilia. Ad oggi, l\u2019associazione conta 100 sedi accreditate, distribuite come segue:<\/p>\n<p><img loading=\"lazy\" decoding=\"async\" class=\"alignnone size-full wp-image-1501 aligncenter\" src=\"http:\/\/temporaneo.arciserviziocivile.it\/ascnetwork\/sicilia\/wp-content\/uploads\/sites\/5\/sedi-asc-sicilia.png\" alt=\"\" width=\"445\" height=\"232\" srcset=\"https:\/\/temporaneo.arciserviziocivile.it\/sicilia\/wp-content\/uploads\/sites\/5\/sedi-asc-sicilia.png 445w, https:\/\/temporaneo.arciserviziocivile.it\/sicilia\/wp-content\/uploads\/sites\/5\/sedi-asc-sicilia-300x156.png 300w\" sizes=\"(max-width: 445px) 100vw, 445px\" \/><\/p>\n<p style=\"text-align: center\">\n<p>Grazie ad una capillare presenza su tutto il territorio siciliano e alla rete di associazioni socie, dal 2001 al 2015 sono stati 1.553 i ragazzi che hanno vissuto l\u2019esperienza del servizio civile nazionale nei progetti di Arci Servizio Civile Sicilia, distribuiti come segue nelle province siciliane:<\/p>\n<p><img loading=\"lazy\" decoding=\"async\" class=\"alignnone size-full wp-image-1504 aligncenter\" src=\"http:\/\/temporaneo.arciserviziocivile.it\/ascnetwork\/sicilia\/wp-content\/uploads\/sites\/5\/grafico-1-1.png\" alt=\"\" width=\"423\" height=\"256\" srcset=\"https:\/\/temporaneo.arciserviziocivile.it\/sicilia\/wp-content\/uploads\/sites\/5\/grafico-1-1.png 423w, https:\/\/temporaneo.arciserviziocivile.it\/sicilia\/wp-content\/uploads\/sites\/5\/grafico-1-1-300x182.png 300w\" sizes=\"(max-width: 423px) 100vw, 423px\" \/><\/p>\n<p>I progetti di Arci Servizio Civile operano nei settori:<\/p>\n<p>\u2013 Promozione della coesione sociale;<br \/>\n\u2013 Prevenzione e lotta all\u2019esclusione sociale;<br \/>\n\u2013 Cooperazione allo sviluppo e per la pace;<br \/>\n\u2013 Difesa ecologica;<br \/>\n\u2013 Tutela e promozione di un ambiente sostenibile;<br \/>\n\u2013 Tutela e valorizzazione del patrimonio artistico e ambientale;<br \/>\n\u2013 Educazione e promozione culturale;<br \/>\n\u2013 Protezione civile;<br \/>\n\u2013 Assistenza.<\/p>\n<p>Arci Servizio Civile Sicilia ha attivato dal 2001 al 2014 un totale di 179 progetti SCN:<\/p>\n<p><img loading=\"lazy\" decoding=\"async\" class=\"alignnone size-full wp-image-1502 aligncenter\" src=\"http:\/\/temporaneo.arciserviziocivile.it\/ascnetwork\/sicilia\/wp-content\/uploads\/sites\/5\/grafico3.png\" alt=\"\" width=\"422\" height=\"350\" srcset=\"https:\/\/temporaneo.arciserviziocivile.it\/sicilia\/wp-content\/uploads\/sites\/5\/grafico3.png 422w, https:\/\/temporaneo.arciserviziocivile.it\/sicilia\/wp-content\/uploads\/sites\/5\/grafico3-300x249.png 300w\" sizes=\"(max-width: 422px) 100vw, 422px\" \/><\/p>\n<p>Per saperne di pi\u00f9 sulla nostra organizzazione e il nostro ruolo sul territorio, accedi al funzionigramma di ASC Sicilia.<\/p>\n<p>Il nostro Ente pu\u00f2 fornire, nelle more della pubblicazione dell\u2019albo nazionale e secondo le disposizioni della circolare, servizi di:<br \/>\n1) progettazione per l\u2019elaborazione di progetti di SCN da presentare all\u2019UNSC<br \/>\n2) selezione dei candidati in stretto raccordo con i vostri delegati alla realizzazione del progetto di SCN<br \/>\n3) formazione ai volontari per la parte di SCN obbligatoria per legge<br \/>\n4) formazione agli OLP, ai Tutor e RLEA sul SCN e aggiornamento<br \/>\n5) monitoraggio e valutazione per i progetti di SCN approvati<br \/>\n6) consulenza sulla programmazione e la gestione del servizio civile presso le vostre sedi di attuazione, pre e post approvazione dei progetti.<\/p>\n<p>Per ulteriori dettagli rivolgersi alla nostra sede nazionale:<\/p>\n<p>Arci Servizio Civile<br \/>\nVia Monti di Pietralata, 16<br \/>\n00157 Roma<\/p>\n<p>tel: 06\/41734392<br \/>\nfax: 06\/41796224<br \/>\nemail: parliamone@ascmail.it<\/p>\n","protected":false},"excerpt":{"rendered":"<p>ARCI SERVIZIO CIVILE \u00e8 un\u2019associazione di promozione sociale senza fini di lucro che opera sul territorio nazionale e ha come finalit\u00e0 la promozione della cultura, della cittadinanza attiva e delle&#8230;<\/p>\n","protected":false},"author":9,"featured_media":0,"parent":0,"menu_order":0,"comment_status":"open","ping_status":"open","template":"","meta":{"footnotes":""},"_links":{"self":[{"href":"https:\/\/temporaneo.arciserviziocivile.it\/sicilia\/wp-json\/wp\/v2\/pages\/2"}],"collection":[{"href":"https:\/\/temporaneo.arciserviziocivile.it\/sicilia\/wp-json\/wp\/v2\/pages"}],"about":[{"href":"https:\/\/temporaneo.arciserviziocivile.it\/sicilia\/wp-json\/wp\/v2\/types\/page"}],"author":[{"embeddable":true,"href":"https:\/\/temporaneo.arciserviziocivile.it\/sicilia\/wp-json\/wp\/v2\/users\/9"}],"replies":[{"embeddable":true,"href":"https:\/\/temporaneo.arciserviziocivile.it\/sicilia\/wp-json\/wp\/v2\/comments?post=2"}],"version-history":[{"count":3,"href":"https:\/\/temporaneo.arciserviziocivile.it\/sicilia\/wp-json\/wp\/v2\/pages\/2\/revisions"}],"predecessor-version":[{"id":1793,"href":"https:\/\/temporaneo.arciserviziocivile.it\/sicilia\/wp-json\/wp\/v2\/pages\/2\/revisions\/1793"}],"wp:attachment":[{"href":"https:\/\/temporaneo.arciserviziocivile.it\/sicilia\/wp-json\/wp\/v2\/media?parent=2"}],"curies":[{"name":"wp","href":"https:\/\/api.w.org\/{rel}","templated":true}]}}