{"id":7,"date":"2016-03-14T15:02:53","date_gmt":"2016-03-14T14:02:53","guid":{"rendered":"http:\/\/temporaneo.arciserviziocivile.it\/ascnetwork\/rimini\/?page_id=7"},"modified":"2016-03-22T17:07:38","modified_gmt":"2016-03-22T16:07:38","slug":"chi-siamo","status":"publish","type":"page","link":"https:\/\/temporaneo.arciserviziocivile.it\/salerno\/chi-siamo\/","title":{"rendered":"CHI SIAMO"},"content":{"rendered":"<p>L&#8217;Arci Servizio Civile Salerno, sede locale di Arci Servizio Civile Nazionale, opera dal 1988 nel campo del servizio civile, dai tempi della sua attuazione ai sensi della L. 772\/72 (obiezione di coscienza) fino all\u2019attuale quadro normativo.<\/p>\n<p>Aderiscono ad ASC Salerno <a href=\"http:\/\/temporaneo.arciserviziocivile.it\/ascnetwork\/salerno\/socipartner\/\">oltre 50 associazioni<\/a> di volontariato e di promozione sociale operanti principalmente nei campi dell\u2019educazione, della cultura, della difesa dell\u2019ambiente, della protezione civile, della tutela dei diritti di cittadinanza, della pratica sportiva declinata come strumento di inclusione, della pace.<\/p>\n<p>Da oltre 10 anni coordina una rete di sportelli informativi articolati in tutto il territorio provinciale la cui attivit\u00e0 \u00e8 focalizzata su servizio civile, volontariato ed opportunit\u00e0 di crescita per i giovani.<\/p>\n","protected":false},"excerpt":{"rendered":"<p>L&#8217;Arci Servizio Civile Salerno, sede locale di Arci Servizio Civile Nazionale, opera dal 1988 nel campo del servizio civile, dai tempi della sua attuazione ai sensi della L. 772\/72 (obiezione&#8230;<\/p>\n","protected":false},"author":11,"featured_media":152,"parent":0,"menu_order":0,"comment_status":"closed","ping_status":"closed","template":"","meta":{"footnotes":""},"_links":{"self":[{"href":"https:\/\/temporaneo.arciserviziocivile.it\/salerno\/wp-json\/wp\/v2\/pages\/7"}],"collection":[{"href":"https:\/\/temporaneo.arciserviziocivile.it\/salerno\/wp-json\/wp\/v2\/pages"}],"about":[{"href":"https:\/\/temporaneo.arciserviziocivile.it\/salerno\/wp-json\/wp\/v2\/types\/page"}],"author":[{"embeddable":true,"href":"https:\/\/temporaneo.arciserviziocivile.it\/salerno\/wp-json\/wp\/v2\/users\/11"}],"replies":[{"embeddable":true,"href":"https:\/\/temporaneo.arciserviziocivile.it\/salerno\/wp-json\/wp\/v2\/comments?post=7"}],"version-history":[{"count":1,"href":"https:\/\/temporaneo.arciserviziocivile.it\/salerno\/wp-json\/wp\/v2\/pages\/7\/revisions"}],"predecessor-version":[{"id":707,"href":"https:\/\/temporaneo.arciserviziocivile.it\/salerno\/wp-json\/wp\/v2\/pages\/7\/revisions\/707"}],"wp:featuredmedia":[{"embeddable":true,"href":"https:\/\/temporaneo.arciserviziocivile.it\/salerno\/wp-json\/wp\/v2\/media\/152"}],"wp:attachment":[{"href":"https:\/\/temporaneo.arciserviziocivile.it\/salerno\/wp-json\/wp\/v2\/media?parent=7"}],"curies":[{"name":"wp","href":"https:\/\/api.w.org\/{rel}","templated":true}]}}