{"id":876,"date":"2016-01-22T11:24:12","date_gmt":"2016-01-22T10:24:12","guid":{"rendered":"http:\/\/temporaneo.arciserviziocivile.it\/ascnetwork\/roma\/?page_id=876"},"modified":"2016-01-25T11:44:16","modified_gmt":"2016-01-25T10:44:16","slug":"formazione","status":"publish","type":"page","link":"https:\/\/temporaneo.arciserviziocivile.it\/roma\/servizio-civile\/formazione\/","title":{"rendered":"FORMAZIONE"},"content":{"rendered":"<p><img loading=\"lazy\" decoding=\"async\" class=\" wp-image-726 alignleft\" src=\"http:\/\/temporaneo.arciserviziocivile.it\/ascnetwork\/roma\/wp-content\/uploads\/sites\/3\/form-foto.jpg\" alt=\"form-foto\" width=\"168\" height=\"126\" \/><\/p>\n<p>&nbsp;<\/p>\n<p><strong><em>La nonviolenza pertanto non \u00e8 un tema, \u00e8 il tema.\u00a0<\/em><\/strong><strong><em>E\u2019 l\u2019elemento che pi\u00f9 di ogni altro distingue la nostra idea di cittadinanza, di pace e di impegno civile\u2026<\/em><\/strong><\/p>\n<p><em>Danilo Conte<\/em><\/p>\n<p><em>ASC-Staff Formazione<\/em><\/p>\n<hr \/>\n<p>&nbsp;<\/p>\n<p style=\"text-align: justify\">Il Servizio Civile Nazionale ha tra i suoi principali obiettivi quello di <b>contribuire alla formazione civica, sociale, culturale, professionale dei giovani <\/b>(art.1 L64\/2001).<\/p>\n<p style=\"text-align: justify\">Questo obiettivo \u00e8 un significativo spartiacque tra il Servizio Civile Nazionale ed altre forme di impegno che, pur prevedendo importanti attivit\u00e0 formative, vedono in esse sostanzialmente un mezzo per raggiungere determinati scopi. Per Arci Servizio Civile la formazione non \u00e8 semplicemente un mezzo, ma il fine del servizio civile.<\/p>\n<p style=\"text-align: justify\">L\u2019importanza del tema emerge anche dai vari riferimenti normativi che lo disciplinano, quali la Legge 64\/01, il Decreto Legislativo 77\/02, le Circolari UNSC e le Linee Guida per la Formazione al SCN del 4 aprile 2006.<\/p>\n<p style=\"text-align: justify\">Ci\u00f2 si effettua attraverso una suddivisione delle attivit\u00e0 formative in due parti distinte: la <a href=\"http:\/\/temporaneo.arciserviziocivile.it\/ascnetwork\/roma\/servizio-civile\/formazione\/contenuti-della-formazione-generale\/\" target=\"_blank\"><b>Formazione Generale<\/b><\/a> (42 ore) e la <a href=\"http:\/\/temporaneo.arciserviziocivile.it\/ascnetwork\/roma\/servizio-civile\/formazione\/formazione-specifica\/\"><b>Formazione Specifica<\/b><\/a> (almeno 70 ore).<\/p>\n<p style=\"text-align: justify\">Questa distinzione deriva dalla necessit\u00e0 funzionale di effettuare una formazione omogenea per tutti i volontari (Generale) che veicoli temi quali la promozione della cultura dei diritti, della pace, della cittadinanza e della responsabilit\u00e0, ma che si coniughi con necessit\u00e0 formative maggiormente connesse al progetto in cui il ragazzo \u00e8 coinvolto (Specifica).<\/p>\n<p style=\"text-align: justify\">Arci Servizio Civile Roma inoltre ha inserito in tutti i suoi progetti, una terza tipologia di formazione: la<b> <\/b><a href=\"http:\/\/temporaneo.arciserviziocivile.it\/ascnetwork\/roma\/servizio-civile\/formazione\/formazione-aggiuntiva-e-partecipata\/\">formazione aggiuntiva e partecipata<\/a>. Si tratta di ulteriori 10 ore di formazione scelte in collaborazione sia con i ragazzi che con le associazione socie.<\/p>\n<p style=\"text-align: justify\">Questo tipo di formazione \u00e8 partecipata in quanto <b>i volontari scelgono tra i temi proposti e i soci, le associazioni e gli enti che collaborano a vario titolo con Arci Servizio Civile Roma mettono a disposizione le loro risorse e conoscenze, partecipando attivamente alla formazione<\/b>.<\/p>\n","protected":false},"excerpt":{"rendered":"<p>&nbsp; La nonviolenza pertanto non \u00e8 un tema, \u00e8 il tema.\u00a0E\u2019 l\u2019elemento che pi\u00f9 di ogni altro distingue la nostra idea di cittadinanza, di pace e di impegno civile\u2026 Danilo&#8230;<\/p>\n","protected":false},"author":1,"featured_media":0,"parent":874,"menu_order":0,"comment_status":"closed","ping_status":"closed","template":"","meta":{"footnotes":""},"_links":{"self":[{"href":"https:\/\/temporaneo.arciserviziocivile.it\/roma\/wp-json\/wp\/v2\/pages\/876"}],"collection":[{"href":"https:\/\/temporaneo.arciserviziocivile.it\/roma\/wp-json\/wp\/v2\/pages"}],"about":[{"href":"https:\/\/temporaneo.arciserviziocivile.it\/roma\/wp-json\/wp\/v2\/types\/page"}],"author":[{"embeddable":true,"href":"https:\/\/temporaneo.arciserviziocivile.it\/roma\/wp-json\/wp\/v2\/users\/1"}],"replies":[{"embeddable":true,"href":"https:\/\/temporaneo.arciserviziocivile.it\/roma\/wp-json\/wp\/v2\/comments?post=876"}],"version-history":[{"count":24,"href":"https:\/\/temporaneo.arciserviziocivile.it\/roma\/wp-json\/wp\/v2\/pages\/876\/revisions"}],"predecessor-version":[{"id":3033,"href":"https:\/\/temporaneo.arciserviziocivile.it\/roma\/wp-json\/wp\/v2\/pages\/876\/revisions\/3033"}],"up":[{"embeddable":true,"href":"https:\/\/temporaneo.arciserviziocivile.it\/roma\/wp-json\/wp\/v2\/pages\/874"}],"wp:attachment":[{"href":"https:\/\/temporaneo.arciserviziocivile.it\/roma\/wp-json\/wp\/v2\/media?parent=876"}],"curies":[{"name":"wp","href":"https:\/\/api.w.org\/{rel}","templated":true}]}}