{"id":27,"date":"2024-10-04T13:18:08","date_gmt":"2024-10-04T11:18:08","guid":{"rendered":"http:\/\/temporaneo.arciserviziocivile.it\/ascnetwork\/rimini\/?page_id=25"},"modified":"2024-10-07T10:05:05","modified_gmt":"2024-10-07T08:05:05","slug":"progettiscn","status":"publish","type":"page","link":"https:\/\/temporaneo.arciserviziocivile.it\/pisa\/progettiscn\/","title":{"rendered":"PROGETTI SCU"},"content":{"rendered":"\n<h1 class=\"wp-block-heading\">Bando 2024 Servizio Civile Digitale!!!<\/h1>\n\n\n\n<p><strong>CALENDARIO COLLOQUI COSTRUIRE LINGUAGGI DIGITALI COMUNI 2024<\/strong><\/p>\n\n\n\n<p>PER I COLLOQUI DEL SUDDETTO PROGETTO CONSULTARE IL CALENDARIO ALLEGATO. I COLLOQUI SI SVOLGERANNO LUNED\u00ec 14 OTTOBRE PER LA SEDE &#8220;UFFICIO ASC PISA&#8221; Via Gioberti 39 Pisa cod sede 142042 E MARTED\u00ec 15 OTTOBRE PER LA SEDE &#8220;COMUNE DI SAN GIULIANO TERME&#8221; Via Niccolini San Giuliano Terme cod sede 222097<\/p>\n\n\n\n<div data-wp-interactive=\"\" class=\"wp-block-file\"><object data-wp-bind--hidden=\"!selectors.core.file.hasPdfPreview\" hidden class=\"wp-block-file__embed\" data=\"https:\/\/temporaneo.arciserviziocivile.it\/pisa\/wp-content\/uploads\/sites\/12\/Colloqui-COSTRUIRE-LINGUAGGI-DIGITALI-COMUNI-2024.pdf\" type=\"application\/pdf\" style=\"width:100%;height:600px\" aria-label=\"Incorporamento di Colloqui-COSTRUIRE-LINGUAGGI-DIGITALI-COMUNI-2024.\"><\/object><a id=\"wp-block-file--media-ab017cac-16b8-4cb2-a456-0187b293d756\" href=\"https:\/\/temporaneo.arciserviziocivile.it\/pisa\/wp-content\/uploads\/sites\/12\/Colloqui-COSTRUIRE-LINGUAGGI-DIGITALI-COMUNI-2024.pdf\">Colloqui-COSTRUIRE-LINGUAGGI-DIGITALI-COMUNI-2024<\/a><a href=\"https:\/\/temporaneo.arciserviziocivile.it\/pisa\/wp-content\/uploads\/sites\/12\/Colloqui-COSTRUIRE-LINGUAGGI-DIGITALI-COMUNI-2024.pdf\" class=\"wp-block-file__button wp-element-button\" download aria-describedby=\"wp-block-file--media-ab017cac-16b8-4cb2-a456-0187b293d756\">Download<\/a><\/div>\n\n\n\n<p>Il&nbsp;<a href=\"https:\/\/www.politichegiovanili.gov.it\/comunicazione\/news\/2024\/7\/bando-per-la-selezione-di-6-478-operatori-volontari-servizio-civile-universale-afferenti-a-programmi-di-intervento-di-servizio-civile-digitale-di-servizio-civile-ambientale-e-di-servizio-civile-per-il-giubileo-della-chiesa-cat\/\" target=\"_blank\" rel=\"noreferrer noopener\"><strong>Dipartimento per le Politiche Giovanili e il Servizio Civile Universale<\/strong><\/a>&nbsp;(DPGSCU) ha emanato il bando per la selezione di operatori volontari da impiegare in programmi di intervento di \u201cServizio Civile Digitale\u201d.<\/p>\n\n\n\n<p><strong>C\u2019\u00e8 tempo per candidarsi fino al 26\/09\/2024<\/strong><br>Gli aspiranti operatori volontari devono presentare la domanda di partecipazione esclusivamente attraverso la piattaforma domanda on Line (DOL) raggiungibile tramite PC, tablet e smartphone all\u2019indirizzo&nbsp;<a href=\"https:\/\/domandaonline.serviziocivile.it%20\/\">https:\/\/domandaonline.serviziocivile.it&nbsp;<\/a>.<\/p>\n\n\n\n<p>ASC Pisa Aps ha presentato nel progetto COSTRUIRE LINGUAGGI DIGITALI COMUNI ben 2 sedi con 4 posti disponibili. <\/p>\n\n\n\n<p>Per accedere ai servizi di compilazione e presentazione domanda occorre che il candidato sia riconosciuto dal sistema DOL<\/p>\n\n\n\n<p>1 \u2013 I cittadini italiani residenti in Italia o all\u2019estero possono accedervi esclusivamente con SPID (Sistema Pubblico di Identit\u00e0 Digitale). Sul sito dell\u2019Agenzia per l\u2019Italia digitale&nbsp;<a href=\"http:\/\/www.agid.gov.it\/it\/piattaforme\/spid\">http:\/\/www.agid.gov.it\/it\/piattaforme\/spid<\/a>&nbsp;sono disponibili tutte le informazioni su cosa \u00e8 SPID, quali servizi offre e come si richiede. Per accedere alla piattaforma DOL occorrono credenziali SPID di livello di sicurezza 2.<\/p>\n\n\n\n<p>2 \u2013 I cittadini di Paesi appartenenti all\u2019Unione europea e gli stranieri regolarmente soggiornanti in Italia, qualora non avessero la disponibilit\u00e0 di acquisire lo SPID, potranno accedere ai servizi della piattaforma DOL attraverso apposite credenziali da richiedere al Dipartimento, secondo la procedura disponibile sulla home page della piattaforma stessa.<\/p>\n\n\n\n<p>Il bando in breve<\/p>\n\n\n\n<ul>\n<li>et\u00e0 tra i 18 e i 28 anni<\/li>\n\n\n\n<li>periodo di impiego in servizio 2024\/2025<\/li>\n\n\n\n<li>i progetti hanno una durata tra di 12 mesi<\/li>\n\n\n\n<li>monte ore annuo di 1.145<\/li>\n\n\n\n<li>assegno di 507,30 euro mensili<\/li>\n\n\n\n<li>l\u2019avvio in servizio avverr\u00e0 in ogni caso entro il 18 dicembre 2024<\/li>\n\n\n\n<li>il calendario di convocazione al colloquio di selezione sar\u00e0 pubblicato sul sito di ASC aps almeno 10 giorni prima del loro inizio<\/li>\n\n\n\n<li>a parit\u00e0 di punteggio nelle graduatorie delle selezioni \u00e8 preferito il candidato maggiore di et\u00e0<\/li>\n<\/ul>\n\n\n\n<p>Nei nostri progetti, un posto su Pisa e un posto su San Giuliano Terme sono riservati a giovani con difficolt\u00e0 economiche, con indicatore ISEE &lt;15.000 \u20ac<\/p>\n\n\n\n<p>Per informazioni pi\u00f9 approfondite leggi: <a href=\"https:\/\/temporaneo.arciserviziocivile.it\/pisa\/progetti\/costruire-linguaggi-digitali-comuni-2024\/\">COSTRUIRE LINGUAGGI DIGITALI COMUNI <\/a><\/p>\n","protected":false},"excerpt":{"rendered":"<p>Bando 2024 Servizio Civile Digitale!!! CALENDARIO COLLOQUI COSTRUIRE LINGUAGGI DIGITALI COMUNI 2024 PER I COLLOQUI DEL SUDDETTO PROGETTO CONSULTARE IL CALENDARIO ALLEGATO. I COLLOQUI SI SVOLGERANNO LUNED\u00ec 14 OTTOBRE PER&#8230;<\/p>\n","protected":false},"author":16,"featured_media":688,"parent":0,"menu_order":0,"comment_status":"closed","ping_status":"closed","template":"page-progetti-elenco-img.php","meta":{"footnotes":""},"_links":{"self":[{"href":"https:\/\/temporaneo.arciserviziocivile.it\/pisa\/wp-json\/wp\/v2\/pages\/27"}],"collection":[{"href":"https:\/\/temporaneo.arciserviziocivile.it\/pisa\/wp-json\/wp\/v2\/pages"}],"about":[{"href":"https:\/\/temporaneo.arciserviziocivile.it\/pisa\/wp-json\/wp\/v2\/types\/page"}],"author":[{"embeddable":true,"href":"https:\/\/temporaneo.arciserviziocivile.it\/pisa\/wp-json\/wp\/v2\/users\/16"}],"replies":[{"embeddable":true,"href":"https:\/\/temporaneo.arciserviziocivile.it\/pisa\/wp-json\/wp\/v2\/comments?post=27"}],"version-history":[{"count":29,"href":"https:\/\/temporaneo.arciserviziocivile.it\/pisa\/wp-json\/wp\/v2\/pages\/27\/revisions"}],"predecessor-version":[{"id":942,"href":"https:\/\/temporaneo.arciserviziocivile.it\/pisa\/wp-json\/wp\/v2\/pages\/27\/revisions\/942"}],"wp:featuredmedia":[{"embeddable":true,"href":"https:\/\/temporaneo.arciserviziocivile.it\/pisa\/wp-json\/wp\/v2\/media\/688"}],"wp:attachment":[{"href":"https:\/\/temporaneo.arciserviziocivile.it\/pisa\/wp-json\/wp\/v2\/media?parent=27"}],"curies":[{"name":"wp","href":"https:\/\/api.w.org\/{rel}","templated":true}]}}