{"id":8,"date":"2016-03-14T15:02:53","date_gmt":"2016-03-14T14:02:53","guid":{"rendered":"http:\/\/temporaneo.arciserviziocivile.it\/ascnetwork\/rimini\/?page_id=7"},"modified":"2022-12-20T16:28:25","modified_gmt":"2022-12-20T15:28:25","slug":"chi-siamo","status":"publish","type":"page","link":"https:\/\/temporaneo.arciserviziocivile.it\/lombardia\/chi-siamo\/","title":{"rendered":"CHI SIAMO"},"content":{"rendered":"<p align=\"justify\"><em>ASC Lombardia APS promuove e realizza progetti di servizio civile in chiave SDG&#8217;s per lo sviluppo delle competenze trasversali degli op. vol. in servizio e la crescita delle comunit\u00e0. E&#8217; un&#8217;organizzazione di secondo livello che guarda con i suoi soci allo sviluppo di nuove progettualit\u00e0.<\/em><\/p>\n<p align=\"justify\">ASC Lombardia \u00e8 un&#8217;articolazione territoriale di Arci Servizio Civile nazionale, nata per promuovere e realizzare progetti di servizio civile. E&#8217; un&#8217;organizzazione di secondo livello, i cui soci sono realt\u00e0 nazionali e internazionali, ma anche da tante organizzazioni locali. Ci\u00f2 che unisce queste rete \u00e8 la convinzione che il servizio civile sia un&#8217;esperienza formativa fondamentale per lo sviluppo delle competenze trasversali dei giovani in servizio e per l&#8217;esercizio di quel legame con le comunit\u00e0 in cui operano, in un momento fondamentale di passaggio all&#8217;et\u00e0 adulta. ASC Lombardia, oltre a sviluppare programmi e progetti di servizio civile in chiave SDG&#8217;s, ha sperimentato negli anni esperienze in grado di rafforzare la promozione dei valori propri dell&#8217;istituto del servizio civile: la partecipazione a Expo 2015 nel Padiglione della Societ\u00e0 Civile Cascina Triulza; la creazione di progetti e percorsi sul tema della Memoria e della nonviolenza alle radici dell&#8217;obiezione di coscienza alla leva militare; la sperimentazione di percorsi per il riconoscimento delle competenze trasversali esercitate dagli op. vol; lo sviluppo di progetti di servizio civile digitale.<br \/>\nOggi ASC Lombardia guarda al suo futuro con la volont\u00e0 di sviluppare la sua rete di organizzazioni e le proprie capacit\u00e0 programmatiche, mettendo a valore le esperienze e i legami nati nel servizio civile, per lo sviluppo di nuove progettualit\u00e0.<\/p>\n<div id=\"ttil_4\" class=\"div_central div_ttil\">\n<h2 class=\"h2_ttil\">Cosa pensiamo del Servizio Civile<\/h2>\n<div class=\"abstract object_content\">\n<p>Le esperienze maturate in questi anni testimoniano come il servizio civile sia stato in grado di educare e far crescere generazioni di giovani che solo attraverso di esso hanno potuto scoprire una dimensione educativa che, con quella familiare, scolastica, lavorativa, permette la piena realizzazione della persona.<\/p>\n<p>Le ragazze e i ragazzi coinvolti nei progetti di servizio civile sono entrati in contatto con realt\u00e0 per loro nuove: luoghi fisici e morali in cui iniziare un percorso di crescita come persone e cittadini.<\/p>\n<p>Si sente sempre pi\u00f9 spesso ripetere quanto i giovani mostrino disinteresse per le istituzioni, la politica, la vita pubblica.<\/p>\n<p>Il loro interesse resterebbe confinato nell&#8217;ambito privato, il loro rapporto con quello pubblico caratterizzato dalla sfiducia; disillusi dall&#8217;impegno per un confronto positivo fra esigenze e interessi diversi e quasi ostili alla costruzione di un senso comune.<\/p>\n<p>Il servizio civile invece permette all&#8217;operatore volontario di capire che \u00e8 possibile conciliare interessi e attivit\u00e0 personali con interessi e attivit\u00e0 collettive, in una dialettica e sintesi pi\u00f9 ampia, a cui partecipano tutti i soggetti coinvolti nei progetti, e i risultati di questi sforzi vanno a beneficio dell&#8217;intera comunit\u00e0.<\/p>\n<p>La nostra attivit\u00e0 politica \u00e8 rivolta alla valorizzazione di uno strumento cos\u00ec importante per l&#8217;educazione alla cittadinanza attiva ed esperienza di punta in Europa, da parte sia dell&#8217;universo associazionistico, sia dalle organizzazioni politiche e dalle istituzioni.<\/p>\n<\/div>\n<\/div>\n<div id=\"ttil_5\" class=\"div_central div_ttil\"><\/div>\n","protected":false},"excerpt":{"rendered":"<p>ASC Lombardia APS promuove e realizza progetti di servizio civile in chiave SDG&#8217;s per lo sviluppo delle competenze trasversali degli op. vol. in servizio e la crescita delle comunit\u00e0. E&#8217;&#8230;<\/p>\n","protected":false},"author":23,"featured_media":0,"parent":0,"menu_order":0,"comment_status":"closed","ping_status":"closed","template":"","meta":{"footnotes":""},"_links":{"self":[{"href":"https:\/\/temporaneo.arciserviziocivile.it\/lombardia\/wp-json\/wp\/v2\/pages\/8"}],"collection":[{"href":"https:\/\/temporaneo.arciserviziocivile.it\/lombardia\/wp-json\/wp\/v2\/pages"}],"about":[{"href":"https:\/\/temporaneo.arciserviziocivile.it\/lombardia\/wp-json\/wp\/v2\/types\/page"}],"author":[{"embeddable":true,"href":"https:\/\/temporaneo.arciserviziocivile.it\/lombardia\/wp-json\/wp\/v2\/users\/23"}],"replies":[{"embeddable":true,"href":"https:\/\/temporaneo.arciserviziocivile.it\/lombardia\/wp-json\/wp\/v2\/comments?post=8"}],"version-history":[{"count":4,"href":"https:\/\/temporaneo.arciserviziocivile.it\/lombardia\/wp-json\/wp\/v2\/pages\/8\/revisions"}],"predecessor-version":[{"id":896,"href":"https:\/\/temporaneo.arciserviziocivile.it\/lombardia\/wp-json\/wp\/v2\/pages\/8\/revisions\/896"}],"wp:attachment":[{"href":"https:\/\/temporaneo.arciserviziocivile.it\/lombardia\/wp-json\/wp\/v2\/media?parent=8"}],"curies":[{"name":"wp","href":"https:\/\/api.w.org\/{rel}","templated":true}]}}