{"id":28,"date":"2016-03-14T15:06:02","date_gmt":"2016-03-14T14:06:02","guid":{"rendered":"http:\/\/temporaneo.arciserviziocivile.it\/ascnetwork\/rimini\/?page_id=27"},"modified":"2018-06-27T09:41:00","modified_gmt":"2018-06-27T07:41:00","slug":"raccontiscn","status":"publish","type":"page","link":"https:\/\/temporaneo.arciserviziocivile.it\/liguria\/raccontiscn\/","title":{"rendered":"RACCONTI"},"content":{"rendered":"<p><img loading=\"lazy\" decoding=\"async\" class=\"size-medium wp-image-249 alignright\" src=\"http:\/\/temporaneo.arciserviziocivile.it\/ascnetwork\/genova\/wp-content\/uploads\/sites\/18\/20180627_091951_resized-1-300x212.jpg\" alt=\"\" width=\"300\" height=\"212\" srcset=\"https:\/\/temporaneo.arciserviziocivile.it\/liguria\/wp-content\/uploads\/sites\/18\/20180627_091951_resized-1-300x212.jpg 300w, https:\/\/temporaneo.arciserviziocivile.it\/liguria\/wp-content\/uploads\/sites\/18\/20180627_091951_resized-1-768x542.jpg 768w, https:\/\/temporaneo.arciserviziocivile.it\/liguria\/wp-content\/uploads\/sites\/18\/20180627_091951_resized-1-1024x723.jpg 1024w, https:\/\/temporaneo.arciserviziocivile.it\/liguria\/wp-content\/uploads\/sites\/18\/20180627_091951_resized-1.jpg 1147w\" sizes=\"(max-width: 300px) 100vw, 300px\" \/><\/p>\n<p>&#8220;LA MIA ESPERIENZA&#8221;<\/p>\n<p><span style=\"font-size: medium\">Terminato il percorso di studio ho sentito la necessit\u00e0 di avvicinarmi a questa associazione per offrire il mio sostegno alle varie battaglie sostenute dell&#8217;ARCI stessa, battaglie che mi toccano profondamente e personalmente, battaglie di cui condivido l&#8217;impianto ideologico e di cui riscontro quotidinamente necessit\u00e0 e fattualit\u00e0 sul territorio ligure e nazionale.<\/span><\/p>\n<p align=\"JUSTIFY\"><span style=\"font-size: medium\">L&#8217;occasione si \u00e8 concretizzata quando ho conosciuto Sandra Bettio nell&#8217;ambito del Servizio Civile Regionale. Ha cos\u00ec avuto inizio la mia collaborazione con ARCI, collaborazione che oggi prosegue con l&#8217;esperienza del Servizio Civile Nazionale.<\/span><\/p>\n<p align=\"JUSTIFY\"><span style=\"font-size: medium\">Ci\u00f2 su cui per\u00f2 vorrei soffermarmi al momento non riguarda tanto l&#8217;aspetto di messa in atto del mio servizio civile, quanto piuttosto sull&#8217;esperienza generale che l&#8217;ARCI mi ha offerto, ossia un momento di forte crescita personale, di condivisione, di solidariet\u00e0, di vera partecipazione e di inclusione sociale. Un ambiente completamente avulso dalle logiche di mero profitto e competizione, un ambiente dove l&#8217;effettiva ricchezza viene ricavata dal capitale sociale, dove la collaborazione vince sull&#8217;individualismo e dove l'&#8221;IO&#8221; viene declinato in &#8220;NOI&#8221;.<\/span><\/p>\n<p align=\"JUSTIFY\"><span style=\"font-size: medium\">Operatori, volontari ed utenti costituiscono un insieme vario di personalit\u00e0, sostenuto per\u00f2 da un unico grande principio: quello dell&#8217;aiuto reciproco e del sentimento di umanit\u00e0. E&#8217; solo per mezzo di tali principi che l&#8217;associazione \u00e8 in grado di mettere in moto questo virtuoisssimo circolo di solidariet\u00e0.<\/span><\/p>\n<p align=\"JUSTIFY\"><span style=\"font-size: medium\">L&#8217;ARCI, dunque, per me rappresenta una vera e propria forma di resistenza nei confronti di tutti quei disvalori che corrompono ed annichiliscono la nostra societ\u00e0: siano esse ideologie di mercificazione che pongono la cos\u00ec detta &#8220;produzione&#8221; al di sopra della condizione umana, siano essi preoccupanti rigurgiti della destra neofascista. <\/span><\/p>\n<p align=\"JUSTIFY\"><span style=\"font-size: medium\">E&#8217; proprio questa, tra l&#8217;altro, una delle finalit\u00e0 che si ripropone di raggiungere il progetto di cui mi sto attualmente occupando, progetto dal titolo rivelatore <a href=\"https:\/\/scn.arciserviziocivile.it\/testi_prg\/75190.pdf\">&#8220;LA MEMORIA COME STRUMENTO DI EDUCAZIONE ALLA PACE&#8221;.<\/a><\/span><\/p>\n<p align=\"JUSTIFY\">Giulia Conti<\/p>\n","protected":false},"excerpt":{"rendered":"<p>&#8220;LA MIA ESPERIENZA&#8221; Terminato il percorso di studio ho sentito la necessit\u00e0 di avvicinarmi a questa associazione per offrire il mio sostegno alle varie battaglie sostenute dell&#8217;ARCI stessa, battaglie che&#8230;<\/p>\n","protected":false},"author":22,"featured_media":0,"parent":0,"menu_order":0,"comment_status":"closed","ping_status":"closed","template":"","meta":{"footnotes":""},"_links":{"self":[{"href":"https:\/\/temporaneo.arciserviziocivile.it\/liguria\/wp-json\/wp\/v2\/pages\/28"}],"collection":[{"href":"https:\/\/temporaneo.arciserviziocivile.it\/liguria\/wp-json\/wp\/v2\/pages"}],"about":[{"href":"https:\/\/temporaneo.arciserviziocivile.it\/liguria\/wp-json\/wp\/v2\/types\/page"}],"author":[{"embeddable":true,"href":"https:\/\/temporaneo.arciserviziocivile.it\/liguria\/wp-json\/wp\/v2\/users\/22"}],"replies":[{"embeddable":true,"href":"https:\/\/temporaneo.arciserviziocivile.it\/liguria\/wp-json\/wp\/v2\/comments?post=28"}],"version-history":[{"count":4,"href":"https:\/\/temporaneo.arciserviziocivile.it\/liguria\/wp-json\/wp\/v2\/pages\/28\/revisions"}],"predecessor-version":[{"id":251,"href":"https:\/\/temporaneo.arciserviziocivile.it\/liguria\/wp-json\/wp\/v2\/pages\/28\/revisions\/251"}],"wp:attachment":[{"href":"https:\/\/temporaneo.arciserviziocivile.it\/liguria\/wp-json\/wp\/v2\/media?parent=28"}],"curies":[{"name":"wp","href":"https:\/\/api.w.org\/{rel}","templated":true}]}}