{"id":944,"date":"2020-12-29T14:00:36","date_gmt":"2020-12-29T13:00:36","guid":{"rendered":"https:\/\/temporaneo.arciserviziocivile.it\/fvg\/?page_id=944"},"modified":"2023-06-09T12:36:24","modified_gmt":"2023-06-09T10:36:24","slug":"scs-come-partecipare","status":"publish","type":"page","link":"https:\/\/temporaneo.arciserviziocivile.it\/fvg\/scs-come-partecipare\/","title":{"rendered":"Servizio Civile Solidale &#8211; COME PARTECIPARE"},"content":{"rendered":"\n<h3 class=\"wp-block-heading\"><strong>SEI INTERESSATO A FARE UN&#8217;ESPERIENZA DI SERVIZIO CIVILE SOLIDALE?<\/strong><\/h3>\n\n\n\n<p>Stai ancora frequentando la scuola? Vorresti mettere a disposizione della tua comunit\u00e0 i tuoi talenti? Vorresti provare un\u2019esperienza nuova? Conoscere nuovi ragazzi?<\/p>\n\n\n\n<p>Allora il <span style=\"color:#319671\" class=\"has-inline-color\">Servizio Civile Solidale<\/span> \u00e8 ci\u00f2 che fa al caso tuo.<\/p>\n\n\n\n<h3 class=\"wp-block-heading\"><strong>REQUISITI<\/strong><\/h3>\n\n\n\n<p>Per poter partecipare al bando di Servizio Civile Solidale, per\u00f2, devi soddisfare alcuni requisiti, che dovranno mantenersi tale fino al termine del progetto, ad eccezione dell\u2019et\u00e0.<\/p>\n\n\n\n<p>Possono partecipare alla selezione i cittadini italiani e stranieri, senza distinzione di sesso che, alla data di scadenza del termine di presentazione della domanda, abbiano compiuto il sedicesimo e non superato il diciassettesimo anno di et\u00e0, in possesso dei seguenti requisiti:<\/p>\n\n\n\n<ul>\n<li>essere residenti in Friuli-Venezia Giulia;<\/li>\n\n\n\n<li>non aver riportato condanna anche non definitiva alla pena della reclusione superiore ad un anno per delitto non colposo ovvero ad una pena della reclusione anche di entit\u00e0 inferiore per un delitto contro la persona o concernente detenzione, uso, porto trasporto, importazione o esportazione illecita di armi o materie esplodenti ovvero per delitti riguardanti l\u2019appartenenza o il favoreggiamento a gruppi eversivi, terroristici, o di criminalit\u00e0 organizzata.<\/li>\n<\/ul>\n\n\n\n<p>Non possono presentare domanda i giovani che:<\/p>\n\n\n\n<ul>\n<li>abbiano gi\u00e0 prestato Sevizio Civile Solidale;<\/li>\n\n\n\n<li>abbiano in corso con l\u2019ente che realizza il progetto rapporti di lavoro o di collaborazione retribuita a qualunque titolo, ovvero che abbiano avuto tali rapporti nell\u2019anno precedente di durata superiore a tre mesi.<\/li>\n<\/ul>\n\n\n\n<h3 class=\"wp-block-heading\"><strong>COME FUNZIONA?<\/strong><\/h3>\n\n\n\n<p>Se soddisfi tutti i requisiti allora puoi procedere con l\u2019inoltro della richiesta di partecipazione. Prima, per\u00f2, forse vorrai saperne di pi\u00f9 sul Servizio Civile Solidale. Qui elenchiamo brevemente le informazioni che potrebbero interessarti di pi\u00f9, per approfondire ti consigliamo di visitare la pagina dedicata.<\/p>\n\n\n\n<p>Il Servizio Civile Solidale \u00e8 su <span style=\"color:#319671\" class=\"has-inline-color\">base volontaria<\/span>.<\/p>\n\n\n\n<p>Richiede un impegno per chi vuole partecipare di 360 ore da svolgersi durante tutto l\u2019anno, di cui 36 di <span style=\"color:#319671\" class=\"has-inline-color\">Formazione Generale e Specifica<\/span>.<\/p>\n\n\n\n<p>Ai volontari in Servizio Civile Solidale spetta un assegno totale pari a<span style=\"color:#319671\" class=\"has-inline-color\"> euro 892,38<\/span>. Le somme spettanti sono corrisposte in un\u2019unica soluzione al termine del servizio tramite accreditamento sul conto corrente intestato al genitore del volontario o a chi ne fa le veci.<\/p>\n\n\n\n<h3 class=\"wp-block-heading\"><strong>SCEGLIERE IL PROGETTO<\/strong><\/h3>\n\n\n\n<p>Come scegliere il progetto? Prima di tutto controlla se ci sono bandi attivi, solitamente verso la <span style=\"color:#319671\" class=\"has-inline-color\">fine dell\u2019anno scolastico<\/span> (maggio-giugno). Poi leggi attentamente tutti i progetti disponibili sul territorio regionale ed individua quello pi\u00f9 vicino ai tuoi interessi e al tuo percorso di studi. Ti ricordiamo che puoi presentare domanda per <span style=\"color:#319671\" class=\"has-inline-color\">un solo progetto su tutto il territorio regionale<\/span> per ogni bando indetto dall&#8217;Ufficio Regionale per il Servizio Civile. Se invii pi\u00f9 domande ce ne accorgiamo, e purtroppo sarai escluso da tutti i progetti.<\/p>\n\n\n\n<p>Il bando ha una durata di circa un mese, e soltanto in questo periodo \u00e8 possibile presentare la domanda per il Servizio Civile Solidale.<\/p>\n\n\n\n<p>Nell\u2019area <a rel=\"noreferrer noopener\" href=\"https:\/\/temporaneo.arciserviziocivile.it\/fvg\/progetti-servizio-civile-solidale\/\" target=\"_blank\">Progetti<\/a> trovi i progetti di Arci Servizio Civile FVG Aps.<\/p>\n\n\n\n<p>Tieni presente che non \u00e8 possibile cambiare il progetto nel corso dell&#8217;anno di Servizio Civile.<\/p>\n\n\n\n<p>Se sei indeciso o hai qualche dubbio, non esitare a contattarci telefonicamente, via e-mail o attraverso i nostri profili social (Facebook ed Instagram).<\/p>\n\n\n\n<h3 class=\"wp-block-heading\"><strong>COMPILARE LA DOMANDA<\/strong><\/h3>\n\n\n\n<p>A questo punto puoi procedere con la <span style=\"color:#319671\" class=\"has-inline-color\">presentazione della domanda<\/span>.<\/p>\n\n\n\n<p><mark style=\"color:#319671\" class=\"has-inline-color\">Scarica il modulo<\/mark> e procedi con la compilazione. Dovrai indicare il nome del progetto come indicato online e la sede di realizzazione. Alcuni progetti, infatti, hanno pi\u00f9 sedi di attuazione e quindi dovrai indicare quella che preferisci.<\/p>\n\n\n\n<p>In seguito dovrai inserire tutti i tuoi <span style=\"color:#319671\" class=\"has-inline-color\">dati anagrafici, il tuo titolo di studio, i tuoi interessi ed impegni<\/span> e altre informazioni che potranno essere utili a chi dovr\u00e0 selezionare i volontari.<\/p>\n\n\n\n<p>Inoltre, dovrai allegare alla domanda la <span style=\"color:#319671\" class=\"has-inline-color\">fotocopia della tua Carta d\u2019Identit\u00e0<\/span>, o un altro documento valido, e la tua <span style=\"color:#319671\" class=\"has-inline-color\">Tessera Sanitaria<\/span> riportante il tuo Codice Fiscale, la<span style=\"color:#319671\" class=\"has-inline-color\"> fotocopia della Carta d&#8217;Identit\u00e0<\/span>, o un altro documento valido, del <span style=\"color:#319671\" class=\"has-inline-color\">genitore che ha firmato la domanda e il suo Codice Fiscale<\/span>.<\/p>\n\n\n\n<p>Infine, potrai allegare anche il tuo <span style=\"color:#319671\" class=\"has-inline-color\">Curriculum Vitae<\/span>. Non \u00e8 obbligatorio, ma noi consigliamo di farlo per permettere ai selezionatori di conoscerti meglio, e poi \u00e8 un buon esercizio per quando sarai pi\u00f9 grande e dovrai approcciarti al mondo del lavoro!<\/p>\n\n\n\n<p>La domanda, insieme al curriculum e ai documenti, va <mark style=\"color:#319671\" class=\"has-inline-color\">consegnata<\/mark> presso la sede di <strong>Arci Servizio Civile FVG Aps<\/strong>:<\/p>\n\n\n\n<p>Arci Servizio Civile del Friuli-Venezia Giulia<br>Via Fabio Severo 31, 34133 Trieste<br>Telefono e Fax (+39) 040 761683<\/p>\n\n\n\n<p class=\"has-black-color has-text-color\">Oppure puoi inviare tutti i documenti PEC all\u2019<mark style=\"color:#319671\" class=\"has-inline-color\">indirizzo mail<\/mark><strong> arciserviziocivilefvg@pec.it<\/strong><\/p>\n\n\n\n<h3 class=\"wp-block-heading\"><strong>LA SELEZIONE<\/strong><\/h3>\n\n\n\n<p>Una volta chiuso il bando verrai contattato dai nostri uffici per concordare l\u2019appuntamento per un <span style=\"color:#319671\" class=\"has-inline-color\">colloquio<\/span>.<\/p>\n\n\n\n<p>L&#8217;Ente che realizza il progetto effettua la selezione per i volontari attraverso un colloquio conoscitivo e di valutazione dei titoli.<\/p>\n\n\n\n<p>Conclusi i colloqui di selezione sar\u00e0 stilata una <span style=\"color:#319671\" class=\"has-inline-color\">graduatoria<\/span> suddivisa per progetto e per sede di realizzazione.<\/p>\n\n\n\n<p>La graduatoria \u00e8 suddivisa in &#8220;selezionati&#8221; per il progetto, &#8220;idonei ma non selezionati&#8221; e &#8220;non idonei&#8221;.<\/p>\n\n\n\n<p>La graduatoria sar\u00e0 poi pubblicata on-line nella pagina delle news, ed esposta presso gli Uffici Territoriali di <strong>Arci Servizio Civile Aps<\/strong>.<\/p>\n\n\n\n<p>La selezione si attua secondo i criteri previsti nel progetto presentato o quelli individuati dalla determinazione del direttore dell\u2019UNSC in data 30.5.2002.<\/p>\n\n\n\n<h3 class=\"wp-block-heading\"><strong>AVVIO AL SERVIZIO<\/strong><\/h3>\n\n\n\n<p>Se risulterai <span style=\"color:#319671\" class=\"has-inline-color\">selezionato<\/span> sarai contattato e riceverai tutte le informazioni riguardanti l\u2019avvio del progetto. Dovrai sottoscrivere un contratto, che ti sar\u00e0 spedito tramite posta dall\u2019Ufficio Regionale del Servizio Civile e finalmente potrai iniziare il tuo anno di Servizio Civile Solidale!<\/p>\n\n\n\n<h3 class=\"wp-block-heading\"><strong>ALTRI VANTAGGI DEL PRESTARE SERVIZIO CIVILE SOLIDALE<\/strong><\/h3>\n\n\n\n<p>Attestato di frequenza;<\/p>\n\n\n\n<p>Puoi richiedere l\u2019attestato per il riconoscimento dei crediti formativi;<\/p>\n\n\n\n<p>Pu\u00f2 essere riconosciuto valido per i concorsi pubblici.<\/p>\n","protected":false},"excerpt":{"rendered":"<p>SEI INTERESSATO A FARE UN&#8217;ESPERIENZA DI SERVIZIO CIVILE SOLIDALE? Stai ancora frequentando la scuola? Vorresti mettere a disposizione della tua comunit\u00e0 i tuoi talenti? Vorresti provare un\u2019esperienza nuova? Conoscere nuovi&#8230;<\/p>\n","protected":false},"author":49,"featured_media":0,"parent":0,"menu_order":0,"comment_status":"closed","ping_status":"closed","template":"","meta":{"footnotes":""},"_links":{"self":[{"href":"https:\/\/temporaneo.arciserviziocivile.it\/fvg\/wp-json\/wp\/v2\/pages\/944"}],"collection":[{"href":"https:\/\/temporaneo.arciserviziocivile.it\/fvg\/wp-json\/wp\/v2\/pages"}],"about":[{"href":"https:\/\/temporaneo.arciserviziocivile.it\/fvg\/wp-json\/wp\/v2\/types\/page"}],"author":[{"embeddable":true,"href":"https:\/\/temporaneo.arciserviziocivile.it\/fvg\/wp-json\/wp\/v2\/users\/49"}],"replies":[{"embeddable":true,"href":"https:\/\/temporaneo.arciserviziocivile.it\/fvg\/wp-json\/wp\/v2\/comments?post=944"}],"version-history":[{"count":3,"href":"https:\/\/temporaneo.arciserviziocivile.it\/fvg\/wp-json\/wp\/v2\/pages\/944\/revisions"}],"predecessor-version":[{"id":2834,"href":"https:\/\/temporaneo.arciserviziocivile.it\/fvg\/wp-json\/wp\/v2\/pages\/944\/revisions\/2834"}],"wp:attachment":[{"href":"https:\/\/temporaneo.arciserviziocivile.it\/fvg\/wp-json\/wp\/v2\/media?parent=944"}],"curies":[{"name":"wp","href":"https:\/\/api.w.org\/{rel}","templated":true}]}}