{"id":938,"date":"2020-12-29T12:17:58","date_gmt":"2020-12-29T11:17:58","guid":{"rendered":"https:\/\/temporaneo.arciserviziocivile.it\/fvg\/?page_id=938"},"modified":"2021-01-26T13:42:24","modified_gmt":"2021-01-26T12:42:24","slug":"scu-come-partecipare","status":"publish","type":"page","link":"https:\/\/temporaneo.arciserviziocivile.it\/fvg\/scu-come-partecipare\/","title":{"rendered":"Servizio Civile Universale &#8211; COME PARTECIPARE"},"content":{"rendered":"\n<h3 class=\"wp-block-heading\"><strong>SEI INTERESSATO A FARE UN&#8217;ESPERIENZA DI SERVIZIO CIVILE?<br>HAI I REQUISITI RICHIESTI?<\/strong><\/h3>\n\n\n\n<p>Ogni anno il <span style=\"color:#319671\" class=\"has-inline-color\">Dipartimento per le Politiche Giovanili e il Servizio Civile Universale<\/span> attiva un bando con i progetti approvati, a cui i giovani interessati posso partecipare seguendo le indicazioni qui sotto riportate.<\/p>\n\n\n\n<h3 class=\"wp-block-heading\"><strong>REQUISITI<\/strong><\/h3>\n\n\n\n<p>Prima di presentare la domanda assicurati di avere tutti i requisiti richiesti, che devo essere posseduti alla data di presentazione e mantenuti, ad eccezione dell\u2019et\u00e0, fino al termine del servizio.<\/p>\n\n\n\n<p>Ad eccezione degli appartenenti ai corpi militari o alle forze di polizia, possono partecipare alla selezione i giovani, senza distinzione di sesso che, alla data di presentazione della domanda, abbiano compiuto il diciottesimo e non superato il ventottesimo anno di et\u00e0, in possesso dei seguenti requisiti:<\/p>\n\n\n\n<ul><li>cittadini italiani, muniti di idoneit\u00e0 fisica;<\/li><li>cittadini degli altri Paesi dell&#8217;Unione europea;<\/li><li>cittadini non comunitari regolarmente soggiornanti;<\/li><li>ragazza o ragazzo di et\u00e0 compresa tra i 18 e i 29 anni (28 anni e 364 giorni alla data di presentazione della domanda);<\/li><li>non aver riportato condanna anche non definitiva alla pena della reclusione superiore ad un anno per delitto non colposo ovvero ad una pena della reclusione anche di entit\u00e0 inferiore per un delitto contro la persona o concernente detenzione, uso, porto, trasporto, importazione o esportazione illecita di armi o materie esplodenti, ovvero per delitti riguardanti l&#8217;appartenenza o il favoreggiamento a gruppi eversivi, terroristici o di criminalit\u00e0 organizzata.<\/li><\/ul>\n\n\n\n<h3 class=\"wp-block-heading\"><strong>COME FUNZIONA?<\/strong><\/h3>\n\n\n\n<p>Dopo aver verificato di avere tutti i requisiti richiesti e prima di presentare domanda, ti chiederai come funziona il servizio civile. Qui elenchiamo le informazioni pi\u00f9 importanti, se vuoi approfondire la tematica ti consigliamo di leggere la <a rel=\"noreferrer noopener\" href=\"https:\/\/temporaneo.arciserviziocivile.it\/fvg\/scu-come-funziona\/\" target=\"_blank\">sezione dedicata<\/a>. <\/p>\n\n\n\n<p>Il Servizio Civile \u00e8 su base <span style=\"color:#319671\" class=\"has-inline-color\">volontaria<\/span>.<\/p>\n\n\n\n<p>Richiede un impegno di <span style=\"color:#319671\" class=\"has-inline-color\">1.145 ore da svolgere in 12 mesi<\/span> per circa 25 ore settimanali distribuite in 5 giorni, dal luned\u00ec al venerd\u00ec. Potr\u00e0 capitare che alcune attivit\u00e0 si svolgeranno durante i weekend, ma sarai avvisato con largo anticipo.<\/p>\n\n\n\n<p>20 giorni di <span style=\"color:#319671\" class=\"has-inline-color\">permesso<\/span> totali<\/p>\n\n\n\n<p>15 giorni retribuiti di <span style=\"color:#319671\" class=\"has-inline-color\">malattia<\/span><\/p>\n\n\n\n<p>Oltre 100 ore di <span style=\"color:#319671\" class=\"has-inline-color\">Formazione Generale e Specifica<\/span><\/p>\n\n\n\n<p>Rimborso spese di <span style=\"color:#319671\" class=\"has-inline-color\">\u20ac 439,50 al mese<\/span><\/p>\n\n\n\n<p>Ricordiamo che gli operatori volontari di <span style=\"color:#319671\" class=\"has-inline-color\">progetti di SCU all\u2019estero<\/span> percepiscono anche un <span style=\"color:#319671\" class=\"has-inline-color\">indennizzo<\/span> e il <span style=\"color:#319671\" class=\"has-inline-color\">rimborso di vitto e alloggio<\/span>. Il numero di giorni di permesso, inoltre, \u00e8 maggiore.<\/p>\n\n\n\n<h3 class=\"wp-block-heading\"><strong>SCEGLIERE IL PROGETTO<\/strong><\/h3>\n\n\n\n<p>Innanzitutto, ti ricordiamo che puoi presentare domanda per <span style=\"color:#319671\" class=\"has-inline-color\">un solo progetto su tutto il territorio nazionale<\/span> per ogni bando indetto dall&#8217;Ufficio.<\/p>\n\n\n\n<p>Controlla che ci siano bandi attivi, leggi le varie schede di progetto ed una volta scelto il progetto che maggiormente ti interessa puoi contattarci per avere ulteriori informazioni in merito.<\/p>\n\n\n\n<p>Tieni presente che <span style=\"color:#319671\" class=\"has-inline-color\">non \u00e8 possibile cambiare il progetto nel corso dell&#8217;anno di Servizio Civile<\/span>, quindi valuta attentamente quale potrebbe essere il progetto che pi\u00f9 si addice ai tuoi interessi, alle tue conoscenze e al tuo per corso di studio.<\/p>\n\n\n\n<h3 class=\"wp-block-heading\"><strong>COMPILARE LA DOMANDA<\/strong><\/h3>\n\n\n\n<p>Una volta individuato il progetto che pi\u00f9 ti interessa puoi procedere con l\u2019inoltro della domanda, che va presentata esclusivamente online, attraverso la <span style=\"color:#319671\" class=\"has-inline-color\"><a rel=\"noreferrer noopener\" href=\"https:\/\/domandaonline.serviziocivile.it\/\" target=\"_blank\">piattaforma DOL (Domanda On Line)<\/a><\/span>. <\/p>\n\n\n\n<p>Se sei un <span class=\"has-inline-color has-black-color\">cittadino italiano residente in Italia o all\u2019estero o un cittadino di un Paese extra Unione Europea<\/span> regolarmente soggiornante in Italia puoi accedere alla piattaforma DOL esclusivamente con SPID, il <span style=\"color:#319671\" class=\"has-inline-color\">Sistema Pubblico di Identit\u00e0 Digitale<\/span>. Qualora non fossi in possesso dello SPID, lo potrai <a rel=\"noreferrer noopener\" href=\"https:\/\/www.spid.gov.it\/richiedi-spid\" target=\"_blank\">richiedere<\/a> rivolgendoti all\u2019<a rel=\"noreferrer noopener\" href=\"https:\/\/posteid.poste.it\/\" target=\"_blank\">ufficio postale<\/a> pi\u00f9 vicino, oppure potrai affidarti ad altri gestori, come <a rel=\"noreferrer noopener\" href=\"https:\/\/www.pec.it\/richiedi-spid-aruba-id.aspx\" target=\"_blank\">Aruba<\/a>. Ti consigliamo di richiedere lo SPID con <span style=\"color:#319671\" class=\"has-inline-color\">largo anticipo rispetto la data di scadenza del bando<\/span>, in quanto il processo di rilascio potrebbe richiedere qualche giorno.<\/p>\n\n\n\n<p>Una volta in possesso dello SPID potrai accedere alla piattaforma DOL.<\/p>\n\n\n\n<p>Se invece sei un <span class=\"has-inline-color has-black-color\">cittadino appartenente ad un altro Paese dell\u2019Unione Europea o a Svizzera, Islanda, Norvegia e Liechtenstein<\/span>, che ancora non possono disporre del nostro SPID, o sei un cittadino di un Paese extra Unione Europea in attesa di rilascio di permesso di soggiorno, dovrai <span style=\"color:#319671\" class=\"has-inline-color\">richiedere al Dipartimento le credenziali per accedere alla piattaforma DOL.<\/span> Dalla pagina principale della piattaforma DOL seleziona \u201cSe non hai ancora le credenziali vai qui\u201d e accederai alla <a rel=\"noreferrer noopener\" href=\"https:\/\/domandaonline.serviziocivile.it\/RichiestaCredenziali\" target=\"_blank\">maschera di registrazione<\/a>. La richiesta viene verificata dal Dipartimento e, se accettata, il sistema invia una e-mail alla casella di posta che hai indicato. Attraverso il link riportato nella mail puoi accedere alla pagina di modifica password. Una volta in possesso delle credenziali potrai accedere alla piattaforma DOL.<\/p>\n\n\n\n<p>La piattaforma DOL \u00e8 costituita da tre sezioni: <span style=\"color:#319671\" class=\"has-inline-color\">Progetto, Dati e dichiarazioni, Titoli ed esperienze<\/span>. Per poter inviare la richiesta di partecipazione dovrai compilare tutti i campi delle tre sezioni.<\/p>\n\n\n\n<p>Nella prima sezione dovrai <span style=\"color:#319671\" class=\"has-inline-color\">scegliere il tuo progetto<\/span>: compila con attenzione questa sezione perch\u00e9 una volta inviata la richiesta non potrai cambiare progetto. Sei avrai dubbi contattaci, ti daremo una mano.<\/p>\n\n\n\n<p>La seconda sezione, invece, riguarda te, <span style=\"color:#319671\" class=\"has-inline-color\">i tuoi dati anagrafici e le dichiarazioni che hai tutti i requisiti richiesti<\/span>.<\/p>\n\n\n\n<p>Infine, nella terza sezione dovrai presentare <span style=\"color:#319671\" class=\"has-inline-color\">le tue esperienze pregresse, i tuoi titoli di studio<\/span> e potrai caricare il tuo <span style=\"color:#319671\" class=\"has-inline-color\">Curriculum Vitae<\/span>. Non \u00e8 obbligatorio, ma noi te lo consigliamo vivamente, in quanto aiuter\u00e0 i selezionatori a conoscerti meglio.<\/p>\n\n\n\n<p>Una volta compilate tutte le sezioni e controllato di aver scritto tutto correttamente, <span style=\"color:#319671\" class=\"has-inline-color\">invia la richiesta<\/span> attraverso il tasto \u201cPresenta la domanda\u201d.<\/p>\n\n\n\n<p>Ti consigliamo di leggere attentamente la <a rel=\"noreferrer noopener\" href=\"https:\/\/scelgoilserviziocivile.gov.it\/media\/1125\/nuovaguida_dol_nomisureaggiuntive_pubblicato2-luglio.pdf\" target=\"_blank\">Guida per la compilazione e la presentazione della Domanda On Line con la piattaforma DOL <\/a>e in caso di dubbi non esitare a contattarci.<\/p>\n\n\n\n<h3 class=\"wp-block-heading\"><strong>LA SELEZIONE<\/strong><\/h3>\n\n\n\n<p>Dopo la chiusura del bando sarai contattato per un <span style=\"color:#319671\" class=\"has-inline-color\">colloquio<\/span>. La selezione degli operatori volontari \u00e8 effettuata dall\u2019Ente che realizza il progetto.<\/p>\n\n\n\n<p>Durante il colloquio verranno valutate le tue <span style=\"color:#319671\" class=\"has-inline-color\">conoscenze in merito al servizio civile e al progetto<\/span> e, inoltre, sar\u00e0 valutato il tuo titolo di studio.<\/p>\n\n\n\n<p>Conclusi i colloqui di selezione sar\u00e0 stilata una <span style=\"color:#319671\" class=\"has-inline-color\">graduatoria<\/span> suddivisa per progetto e per sede di realizzazione. La graduatoria \u00e8 suddivisa in &#8220;selezionati&#8221; per il progetto, in &#8220;idonei ma non selezionati&#8221; e &#8220;non idonei&#8221; in base a dei criteri oggettivi.<\/p>\n\n\n\n<p>La graduatoria sar\u00e0 poi pubblicata on-line nella pagina delle news, ed esposta presso gli Uffici Territoriali di <strong>Arci Servizio Civile Aps<\/strong>.<\/p>\n\n\n\n<p>La selezione si attua secondo i criteri stabiliti dall&#8217;UNSC: Decreto Direttoriale 11 giugno 2009 n. 173.<\/p>\n\n\n\n<h3 class=\"wp-block-heading\"><strong>AVVIO AL SERVIZIO<\/strong><\/h3>\n\n\n\n<p>Se sarai valutato<span style=\"color:#319671\" class=\"has-inline-color\"> idoneo selezionato<\/span> riceverai dall\u2019Ufficio Nazionale del Servizio Civile un codice utenza ed una password per poter accedere alla tua area riservata sul sito <a href=\"https:\/\/www.serviziocivile.gov.it\/\">Servizio Civile<\/a>.<\/p>\n\n\n\n<p>Grazie a queste credenziali potrai scaricare la sottoscrizione e il <span style=\"color:#319671\" class=\"has-inline-color\">contratto di Servizi Civile Universale<\/span>, riportante tutte le informazioni utili, come la sede di attuazione, la data di inizio e fine servizio, le condizioni economiche e gli obblighi di servizio.<\/p>\n\n\n\n<h3 class=\"wp-block-heading\"><strong>GLI ALTRI VANTAGGI DI SVOLGERE SERVIZIO CIVILE UNIVERSALE<\/strong><\/h3>\n\n\n\n<p>Attestato di fine servizio e Certificato delle Competenze.<\/p>\n\n\n\n<p>Crediti Formativi per l&#8217;Universit\u00e0 (per tirocini o stage).<\/p>\n\n\n\n<p>Pu\u00f2 essere riconosciuto valido per i concorsi pubblici.<\/p>\n\n\n\n<p>\u00c8 valido ai fini pensionistici, ma solo nel caso in cui il servizio venga completato.<\/p>\n\n\n\n<div class=\"wp-block-file\"><a href=\"https:\/\/temporaneo.arciserviziocivile.it\/fvg\/wp-content\/uploads\/sites\/41\/2020\/12\/SISTEMA_DI_RECLUTAMENTO_E_SELEZIONE.pdf\" target=\"_blank\" rel=\"noreferrer noopener\">Sistema di reclutamento e di selezione<\/a><a href=\"https:\/\/temporaneo.arciserviziocivile.it\/fvg\/wp-content\/uploads\/sites\/41\/2020\/12\/SISTEMA_DI_RECLUTAMENTO_E_SELEZIONE.pdf\" class=\"wp-block-file__button\" download><span class=\"has-inline-color has-white-color\">Scarica<\/span><\/a><\/div>\n\n\n\n<p><\/p>\n","protected":false},"excerpt":{"rendered":"<p>SEI INTERESSATO A FARE UN&#8217;ESPERIENZA DI SERVIZIO CIVILE?HAI I REQUISITI RICHIESTI? Ogni anno il Dipartimento per le Politiche Giovanili e il Servizio Civile Universale attiva un bando con i progetti&#8230;<\/p>\n","protected":false},"author":49,"featured_media":0,"parent":0,"menu_order":0,"comment_status":"closed","ping_status":"closed","template":"","meta":{"footnotes":""},"_links":{"self":[{"href":"https:\/\/temporaneo.arciserviziocivile.it\/fvg\/wp-json\/wp\/v2\/pages\/938"}],"collection":[{"href":"https:\/\/temporaneo.arciserviziocivile.it\/fvg\/wp-json\/wp\/v2\/pages"}],"about":[{"href":"https:\/\/temporaneo.arciserviziocivile.it\/fvg\/wp-json\/wp\/v2\/types\/page"}],"author":[{"embeddable":true,"href":"https:\/\/temporaneo.arciserviziocivile.it\/fvg\/wp-json\/wp\/v2\/users\/49"}],"replies":[{"embeddable":true,"href":"https:\/\/temporaneo.arciserviziocivile.it\/fvg\/wp-json\/wp\/v2\/comments?post=938"}],"version-history":[{"count":4,"href":"https:\/\/temporaneo.arciserviziocivile.it\/fvg\/wp-json\/wp\/v2\/pages\/938\/revisions"}],"predecessor-version":[{"id":1071,"href":"https:\/\/temporaneo.arciserviziocivile.it\/fvg\/wp-json\/wp\/v2\/pages\/938\/revisions\/1071"}],"wp:attachment":[{"href":"https:\/\/temporaneo.arciserviziocivile.it\/fvg\/wp-json\/wp\/v2\/media?parent=938"}],"curies":[{"name":"wp","href":"https:\/\/api.w.org\/{rel}","templated":true}]}}