{"id":31,"date":"2016-03-14T15:06:33","date_gmt":"2016-03-14T14:06:33","guid":{"rendered":"http:\/\/temporaneo.arciserviziocivile.it\/ascnetwork\/rimini\/?page_id=31"},"modified":"2018-09-26T16:58:47","modified_gmt":"2018-09-26T14:58:47","slug":"contatti","status":"publish","type":"page","link":"https:\/\/temporaneo.arciserviziocivile.it\/forli\/contatti\/","title":{"rendered":"CONTATTI"},"content":{"rendered":"<h2 class=\"wsite-content-title\"><span style=\"font-size: medium\">INDIRIZZO<\/span><\/h2>\n<div class=\"paragraph\">Arci Comitato Territoriale di Forl\u00ec<br \/>\nViale F.lli Spazzoli 49<br \/>\n47121 Forl\u00ecOrari di apertura uffici:<br \/>\ndal Luned\u00ec al Venerd\u00ec 9-12,30 \/ 14,30-18,30<br \/>\nchiuso il marted\u00ec pomeriggio<\/p>\n<\/div>\n<div class=\"paragraph\"><\/div>\n<h2 class=\"wsite-content-title\"><span style=\"font-size: medium\">INFO<\/span><\/h2>\n<div class=\"paragraph\">forli@arci.it<br \/>\ntel. 0543 67379<br \/>\nfax 0543 409482<\/div>\n<div class=\"paragraph\"><\/div>\n<div class=\"paragraph\"><\/div>\n<div class=\"paragraph\"><\/div>\n","protected":false},"excerpt":{"rendered":"<p>INDIRIZZO Arci Comitato Territoriale di Forl\u00ec Viale F.lli Spazzoli 49 47121 Forl\u00ecOrari di apertura uffici: dal Luned\u00ec al Venerd\u00ec 9-12,30 \/ 14,30-18,30 chiuso il marted\u00ec pomeriggio INFO forli@arci.it tel. 0543&#8230;<\/p>\n","protected":false},"author":17,"featured_media":0,"parent":0,"menu_order":0,"comment_status":"closed","ping_status":"closed","template":"page-contact.php","meta":{"footnotes":""},"_links":{"self":[{"href":"https:\/\/temporaneo.arciserviziocivile.it\/forli\/wp-json\/wp\/v2\/pages\/31"}],"collection":[{"href":"https:\/\/temporaneo.arciserviziocivile.it\/forli\/wp-json\/wp\/v2\/pages"}],"about":[{"href":"https:\/\/temporaneo.arciserviziocivile.it\/forli\/wp-json\/wp\/v2\/types\/page"}],"author":[{"embeddable":true,"href":"https:\/\/temporaneo.arciserviziocivile.it\/forli\/wp-json\/wp\/v2\/users\/17"}],"replies":[{"embeddable":true,"href":"https:\/\/temporaneo.arciserviziocivile.it\/forli\/wp-json\/wp\/v2\/comments?post=31"}],"version-history":[{"count":4,"href":"https:\/\/temporaneo.arciserviziocivile.it\/forli\/wp-json\/wp\/v2\/pages\/31\/revisions"}],"predecessor-version":[{"id":271,"href":"https:\/\/temporaneo.arciserviziocivile.it\/forli\/wp-json\/wp\/v2\/pages\/31\/revisions\/271"}],"wp:attachment":[{"href":"https:\/\/temporaneo.arciserviziocivile.it\/forli\/wp-json\/wp\/v2\/media?parent=31"}],"curies":[{"name":"wp","href":"https:\/\/api.w.org\/{rel}","templated":true}]}}