{"id":31,"date":"2016-03-14T15:06:33","date_gmt":"2016-03-14T14:06:33","guid":{"rendered":"http:\/\/temporaneo.arciserviziocivile.it\/ascnetwork\/rimini\/?page_id=31"},"modified":"2024-01-15T19:30:02","modified_gmt":"2024-01-15T18:30:02","slug":"contatti","status":"publish","type":"page","link":"https:\/\/temporaneo.arciserviziocivile.it\/catania\/contatti\/","title":{"rendered":"CONTATTI"},"content":{"rendered":"<p>Orari di ricevimento al pubblico (fino al 15 febbraio 2024) in Via Torre del Vescovo, 12 (Catania):<\/p>\n<ul>\n<li>Luned\u00ec dalle 16:00 alle 18:00<\/li>\n<li>Mercoled\u00ec dalle 10:00 alle 12:00<\/li>\n<li>Venerd\u00ec dalle 10:00 alle 12:00<\/li>\n<\/ul>\n<p>Recapiti telefonici: 0958207675<\/p>\n<p>email: catania@ascmail.it<\/p>\n<p>Pagina facebook : https:\/\/www.facebook.com\/profile.php?id=100011904542985<\/p>\n<p>Pagina instagram: @arciserviziocivile_catania<\/p>\n","protected":false},"excerpt":{"rendered":"<p>Orari di ricevimento al pubblico (fino al 15 febbraio 2024) in Via Torre del Vescovo, 12 (Catania): Luned\u00ec dalle 16:00 alle 18:00 Mercoled\u00ec dalle 10:00 alle 12:00 Venerd\u00ec dalle 10:00&#8230;<\/p>\n","protected":false},"author":36,"featured_media":0,"parent":0,"menu_order":0,"comment_status":"closed","ping_status":"closed","template":"page-contact.php","meta":{"footnotes":""},"_links":{"self":[{"href":"https:\/\/temporaneo.arciserviziocivile.it\/catania\/wp-json\/wp\/v2\/pages\/31"}],"collection":[{"href":"https:\/\/temporaneo.arciserviziocivile.it\/catania\/wp-json\/wp\/v2\/pages"}],"about":[{"href":"https:\/\/temporaneo.arciserviziocivile.it\/catania\/wp-json\/wp\/v2\/types\/page"}],"author":[{"embeddable":true,"href":"https:\/\/temporaneo.arciserviziocivile.it\/catania\/wp-json\/wp\/v2\/users\/36"}],"replies":[{"embeddable":true,"href":"https:\/\/temporaneo.arciserviziocivile.it\/catania\/wp-json\/wp\/v2\/comments?post=31"}],"version-history":[{"count":3,"href":"https:\/\/temporaneo.arciserviziocivile.it\/catania\/wp-json\/wp\/v2\/pages\/31\/revisions"}],"predecessor-version":[{"id":647,"href":"https:\/\/temporaneo.arciserviziocivile.it\/catania\/wp-json\/wp\/v2\/pages\/31\/revisions\/647"}],"wp:attachment":[{"href":"https:\/\/temporaneo.arciserviziocivile.it\/catania\/wp-json\/wp\/v2\/media?parent=31"}],"curies":[{"name":"wp","href":"https:\/\/api.w.org\/{rel}","templated":true}]}}