{"id":8,"date":"2016-03-14T15:02:53","date_gmt":"2016-03-14T14:02:53","guid":{"rendered":"http:\/\/temporaneo.arciserviziocivile.it\/ascnetwork\/rimini\/?page_id=7"},"modified":"2022-10-08T19:07:17","modified_gmt":"2022-10-08T17:07:17","slug":"chi-siamo","status":"publish","type":"page","link":"https:\/\/temporaneo.arciserviziocivile.it\/caserta\/chi-siamo\/","title":{"rendered":"CHI SIAMO"},"content":{"rendered":"\n<p><strong>ARCI SERVIZIO CIVILE<\/strong>&nbsp;Caserta, sede locale di Arci Servizio Civile Nazionale, opera dai primi anni 90 nel campo del servizio civile, dai tempi della sua attuazione ai sensi della L. 772\/72 (obiezione di coscienza) fino all\u2019attuale quadro normativo.<\/p>\n\n\n\n<p>Aderiscono ad ASC Caserta Aps 9 enti tra associazioni di promozione sociale e associazioni di volontariato, operanti principalmente nei campi dell\u2019educazione, della cultura, della difesa dell\u2019ambiente, dell\u2019immigrazione, della tutela dei diritti di cittadinanza, della pratica sportiva declinata come strumento di inclusione, della pace, della disabilit\u00e0.<\/p>\n\n\n\n<p><strong>ARCI SERVIZIO CIVILE<\/strong>&nbsp;\u00e8 un\u2019associazione senza fini di lucro che opera sul territorio nazionale e favorisce la creazione di una rete nazionale e internazionale di esperienze di servizio civile.<\/p>\n\n\n\n<p>Il Servizio Civile Nazionale, nasce come alternativa al servizio obbligatorio di leva, abolito dal 1 gennaio 2005 dall\u2019art. 1 della L. 23 agosto 2004 n. 226, e si svolge su base esclusivamente volontaria. E\u2019 un modo di difendere la patria, una difesa che non deve essere riferita al territorio dello Stato e alla tutela dei suoi confini esterni ma alla condivisione di valori comuni fondanti l\u2019ordinamento democratico.<\/p>\n\n\n\n<p>La legge 6 marzo 2001, n. 64 \u201cIstituzione del Servizio Civile Nazionale\u201d pubblicata nella Gazzetta Ufficiale n. 68 del 22 marzo 2001, pone le basi normative per l\u2019attuazione dei progetti di servizio civile, d\u00e0 la possibilit\u00e0 ai giovani dai 18 ai 28 anni di dedicare un anno della propria vita a favore di un impegno solidale inteso come impegno per il bene di tutti e di ciascuno e quindi come valore della ricerca di pace.<\/p>\n\n\n\n<p>Il Servizio Civile Volontario garantisce ai giovani una forte valenza educativa e formativa, dando un\u2019occasione di crescita personale, una opportunit\u00e0 di educazione alla cittadinanza attiva, un prezioso strumento per aiutare le fasce pi\u00f9 deboli della societ\u00e0 contribuendo allo sviluppo sociale, culturale ed economico del nostro Paese. Chi sceglie di impegnarsi per dodici mesi nel Servizio Civile Volontario, sceglie di aggiungere un\u2019esperienza qualificante al proprio bagaglio di conoscenze spendibile nel corso della vita lavorativa che pu\u00f2 trasformarsi in opportunit\u00e0 di lavoro futuro.<\/p>\n\n\n\n<p>Il Servizio Civile Nazionale consente agli enti accreditati di avvalersi di personale giovane e motivato, che, stimolato dalla possibilit\u00e0 di vivere un\u2019esperienza qualificante nel campo della solidariet\u00e0 sociale e assicurandosi una minima autonomia economica, garantisce un servizio continuativo ed efficace.<\/p>\n\n\n\n<p>Le aree di intervento nelle quali \u00e8 possibile prestare il Servizio Civile Nazionale sono riconducibili ai settori: assistenza, protezione civile, ambiente, patrimonio artistico e culturale, educazione e promozione culturale, servizio civile all\u2019estero.<\/p>\n","protected":false},"excerpt":{"rendered":"<p>ARCI SERVIZIO CIVILE&nbsp;Caserta, sede locale di Arci Servizio Civile Nazionale, opera dai primi anni 90 nel campo del servizio civile, dai tempi della sua attuazione ai sensi della L. 772\/72&#8230;<\/p>\n","protected":false},"author":41,"featured_media":0,"parent":0,"menu_order":0,"comment_status":"closed","ping_status":"closed","template":"","meta":{"footnotes":""},"_links":{"self":[{"href":"https:\/\/temporaneo.arciserviziocivile.it\/caserta\/wp-json\/wp\/v2\/pages\/8"}],"collection":[{"href":"https:\/\/temporaneo.arciserviziocivile.it\/caserta\/wp-json\/wp\/v2\/pages"}],"about":[{"href":"https:\/\/temporaneo.arciserviziocivile.it\/caserta\/wp-json\/wp\/v2\/types\/page"}],"author":[{"embeddable":true,"href":"https:\/\/temporaneo.arciserviziocivile.it\/caserta\/wp-json\/wp\/v2\/users\/41"}],"replies":[{"embeddable":true,"href":"https:\/\/temporaneo.arciserviziocivile.it\/caserta\/wp-json\/wp\/v2\/comments?post=8"}],"version-history":[{"count":4,"href":"https:\/\/temporaneo.arciserviziocivile.it\/caserta\/wp-json\/wp\/v2\/pages\/8\/revisions"}],"predecessor-version":[{"id":6956,"href":"https:\/\/temporaneo.arciserviziocivile.it\/caserta\/wp-json\/wp\/v2\/pages\/8\/revisions\/6956"}],"wp:attachment":[{"href":"https:\/\/temporaneo.arciserviziocivile.it\/caserta\/wp-json\/wp\/v2\/media?parent=8"}],"curies":[{"name":"wp","href":"https:\/\/api.w.org\/{rel}","templated":true}]}}