{"id":72,"date":"2016-09-01T12:22:20","date_gmt":"2016-09-01T10:22:20","guid":{"rendered":"http:\/\/temporaneo.arciserviziocivile.it\/ascnetwork\/jesi\/?page_id=72"},"modified":"2024-02-14T09:43:41","modified_gmt":"2024-02-14T08:43:41","slug":"bando","status":"publish","type":"page","link":"https:\/\/temporaneo.arciserviziocivile.it\/caserta\/bando\/","title":{"rendered":"BANDO"},"content":{"rendered":"\n<p><strong>Servizio Civile Universale: pubblicato il Bando<\/strong> <strong>2023<\/strong><\/p>\n\n\n\n<p><strong><mark class=\"has-inline-color has-vivid-red-color\">Proroga dei termini per la presentazione delle domande al Bando per la selezione di 52.236 operatori volontari da impiegare in progetti afferenti a programmi di intervento di Servizio civile universale da realizzarsi in Italia e all\u2019estero. Scadenza 22 febbraio 2024, ore 14:00<\/mark><\/strong><\/p>\n\n\n\n<p><strong><s>Bando per la selezione di 52.236 operatori volontari da impiegare in progetti afferenti a programmi di intervento di Servizio civile universale da realizzarsi in Italia e all\u2019estero. Scadenza 15 febbraio 2024, ore 14:00<\/s><\/strong><\/p>\n\n\n\n<p>Sono <strong>175 <\/strong>i posti disponibili per i giovani tra i 18 e 28 anni che intendono diventare operatori volontari di servizio civile nei progetti approvati ad ASC nel territorio della Provincia di Caserta. Fino alle ore <strong>14.00 di gioved\u00ec 22 febbraio 2024 <\/strong>\u00e8 possibile presentare domanda di partecipazione ad uno dei progetti che si realizzeranno tra il 2024 e il 2025. I progetti hanno durata di 12 mesi per un totale di 1145 ore.<\/p>\n\n\n\n<p>Anche quest\u2019anno, ogni singolo progetto \u00e8 parte di un pi\u00f9 ampio programma di intervento che risponde ad uno o pi\u00f9 obiettivi dell\u2019Agenda 2030 per lo sviluppo sostenibile delle Nazioni Unite e riguarda uno specifico ambito di azione individuato tra quelli indicati nel Piano triennale per la programmazione del servizio civile universale.<\/p>\n\n\n\n<p>Sono previste, nei progetti di ASC Caserta Aps, riserve di posti per giovani con <strong>minori opportunit\u00e0<\/strong> (difficolt\u00e0 economiche \u2013 ISEE &lt; 15.000 euro). Per candidarsi ai posti riservati il candidato dovr\u00e0 necessariamente possedere lo specifico requisito richiesto. Prevista poi una misura \u201caggiuntiva\u201d, ovvero un periodo di tutoraggio da svolgere nell\u2019ultimo trimestre di servizio).<\/p>\n\n\n\n<p>Gli aspiranti operatori volontari devono presentare la domanda di partecipazione esclusivamente attraverso la piattaforma Domanda&nbsp;&nbsp;&nbsp;&nbsp;&nbsp;&nbsp;&nbsp; on&nbsp;&nbsp;&nbsp;&nbsp;&nbsp;&nbsp;&nbsp; Line&nbsp;&nbsp;&nbsp;&nbsp;&nbsp;&nbsp;&nbsp; (DOL)&nbsp;&nbsp;&nbsp;&nbsp;&nbsp;&nbsp;&nbsp; raggiungibile&nbsp;&nbsp;&nbsp;&nbsp;&nbsp;&nbsp;&nbsp; tramite&nbsp;&nbsp;&nbsp;&nbsp;&nbsp;&nbsp;&nbsp; PC,&nbsp;&nbsp;&nbsp;&nbsp;&nbsp;&nbsp;&nbsp; tablet&nbsp;&nbsp;&nbsp;&nbsp;&nbsp;&nbsp;&nbsp; e&nbsp;&nbsp;&nbsp;&nbsp;&nbsp;&nbsp;&nbsp;&nbsp; smartphone&nbsp; all\u2019indirizzo <a href=\"https:\/\/domandaonline.serviziocivile.it\/\">https:\/\/domandaonline.serviziocivile.it <\/a>.<\/p>\n\n\n\n<p>Per accedere ai servizi di compilazione e presentazione domanda occorre che il candidato sia riconosciuto dal sistema DOL<\/p>\n\n\n\n<p>1 &#8211; I cittadini italiani residenti in Italia o all\u2019estero possono accedervi esclusivamente con SPID (Sistema Pubblico di Identit\u00e0 Digitale). Sul sito dell\u2019Agenzia per l\u2019Italia Digitale <a href=\"http:\/\/www.agid.gov.it\/it\/piattaforme\/spid\">http:\/\/www.agid.gov.it\/it\/piattaforme\/spid<\/a> sono disponibili tutte le informazioni su cosa \u00e8 SPID, quali servizi offre e come si richiede. Per accedere alla piattaforma DOL occorrono credenziali SPID di livello di sicurezza 2.<\/p>\n\n\n\n<p>2 &#8211; I cittadini di Paesi appartenenti all\u2019Unione europea e gli stranieri regolarmente soggiornanti in Italia, qualora non avessero la disponibilit\u00e0 di acquisire lo SPID, potranno accedere ai servizi della piattaforma DOL attraverso apposite credenziali da richiedere al Dipartimento, secondo la procedura disponibile sulla home page della piattaforma stessa.<\/p>\n\n\n\n<p>Ai giovani selezionati, che saranno poi avviati al servizio civile, \u00e8 riconosciuto un assegno mensile pari a \u20ac 507,30.<\/p>\n\n\n\n<p>Nella sezione \u201cPer gli operatori volontari\u201d del sito politichegiovanili.gov.it sono consultabili tutte le informazioni utili alla presentazione della domanda nonch\u00e9 del bando, da leggere attentamente.<\/p>\n\n\n\n<p>Anche quest\u2019anno, per facilitare la partecipazione dei giovani e, pi\u00f9 in generale, per avvicinarli al mondo del servizio civile, \u00e8 disponibile il sito dedicato <a href=\"http:\/\/www.scelgoilserviziocivile.gov.it\/\">www.scelgoilserviziocivile.gov.it <\/a>che, grazie al linguaggio pi\u00f9 semplice, diretto proprio ai ragazzi, potr\u00e0 meglio orientarli tra le tante informazioni e aiutarli a compiere la scelta migliore.<\/p>\n\n\n\n<p><strong><a href=\"https:\/\/www.politichegiovanili.gov.it\/comunicazione\/news\/2023\/12\/bando-ordinario-2023\/\" data-type=\"URL\" data-id=\"https:\/\/www.politichegiovanili.gov.it\/comunicazione\/news\/2023\/12\/bando-ordinario-2023\/\">Vai al Bando<\/a><\/strong><\/p>\n\n\n\n<ul>\n<li>Le procedure selettive per questi progetti si terranno dal 27\/02\/2024.<\/li>\n\n\n\n<li>I calendari delle convocazioni saranno pubblicati presso la sede ASC di riferimento, ovvero sul suo sito internet.<\/li>\n\n\n\n<li>I recapiti della sede ASC di riferimento sono riportati nella scheda progetto.<\/li>\n\n\n\n<li>La pubblicazione dei calendari ha valore di notifica e la mancata presenza al colloquio \u00e8 considerata rinuncia<\/li>\n<\/ul>\n\n\n\n<p>Gli aspiranti volontari potranno chiedere informazioni contattando la sede di ASC Caserta al numero 0823.462672, tramite mail all\u2019indirizzo <a href=\"mailto:caserta@ascmail.it\">caserta@ascmail.it <\/a>o utilizzando WhatsApp al numero 3755811486.<\/p>\n","protected":false},"excerpt":{"rendered":"<p>Servizio Civile Universale: pubblicato il Bando 2023 Proroga dei termini per la presentazione delle domande al Bando per la selezione di 52.236 operatori volontari da impiegare in progetti afferenti a&#8230;<\/p>\n","protected":false},"author":41,"featured_media":0,"parent":0,"menu_order":0,"comment_status":"closed","ping_status":"closed","template":"","meta":{"footnotes":""},"_links":{"self":[{"href":"https:\/\/temporaneo.arciserviziocivile.it\/caserta\/wp-json\/wp\/v2\/pages\/72"}],"collection":[{"href":"https:\/\/temporaneo.arciserviziocivile.it\/caserta\/wp-json\/wp\/v2\/pages"}],"about":[{"href":"https:\/\/temporaneo.arciserviziocivile.it\/caserta\/wp-json\/wp\/v2\/types\/page"}],"author":[{"embeddable":true,"href":"https:\/\/temporaneo.arciserviziocivile.it\/caserta\/wp-json\/wp\/v2\/users\/41"}],"replies":[{"embeddable":true,"href":"https:\/\/temporaneo.arciserviziocivile.it\/caserta\/wp-json\/wp\/v2\/comments?post=72"}],"version-history":[{"count":27,"href":"https:\/\/temporaneo.arciserviziocivile.it\/caserta\/wp-json\/wp\/v2\/pages\/72\/revisions"}],"predecessor-version":[{"id":7059,"href":"https:\/\/temporaneo.arciserviziocivile.it\/caserta\/wp-json\/wp\/v2\/pages\/72\/revisions\/7059"}],"wp:attachment":[{"href":"https:\/\/temporaneo.arciserviziocivile.it\/caserta\/wp-json\/wp\/v2\/media?parent=72"}],"curies":[{"name":"wp","href":"https:\/\/api.w.org\/{rel}","templated":true}]}}